{"id":42,"date":"2025-05-09T14:08:11","date_gmt":"2025-05-09T12:08:11","guid":{"rendered":"https:\/\/www.valencia-tourist-card.com\/cookie-richtlinie\/"},"modified":"2025-05-09T14:08:11","modified_gmt":"2025-05-09T12:08:11","slug":"cookiepolitik","status":"publish","type":"page","link":"https:\/\/www.valencia-tourist-card.com\/da\/cookie-richtlinie\/","title":{"rendered":"Cookie-politik"},"content":{"rendered":"<p>Med denne cookiepolitik vil vi gerne pr\u00e6cisere, hvordan cookies og cookierelaterede teknologier bruges, hvordan vi og andre tredjeparter bruger dem p\u00e5 dette websted, hvordan de bruges, hvor l\u00e6nge og i hvilken form vi bruger dem.<\/p><h2>Indholdsfortegnelse<\/h2><ul><li><a href=\"#controller-of-the-website\">Ansvarlig for hjemmesiden<\/a><\/li><li><a href=\"#diff-to-privacy-policy\">Tilf\u00f8jelse til privatlivspolitikken<\/a><\/li><li><a href=\"#cookie-technology\">Hvad er cookies og lignende teknologier?<\/a><\/li><li><a href=\"#legal-basis\">Hvad er det juridiske grundlag for at indstille\/l\u00e6se cookies?<\/a><\/li><li><a href=\"#rights-of-visitor\">Hvad er de bedste rettigheder p\u00e5 hjemmesiden?<\/a><\/li><li><a href=\"#manage-cookies\">Hvordan h\u00e5ndterer man cookies i en browser?<\/a><\/li><li><a href=\"#types-of-cookies\">Hvilke typer cookies finder der?<\/a><\/li><li><a href=\"#cookies-origin\">Hvem kan indstille cookies p\u00e5 denne hjemmeside?<\/a><\/li><li><a href=\"#list-of-services\">Hvilke cookies bruges p\u00e5 denne hjemmeside?<\/a><\/li><\/ul><h2 id=\"controller-of-the-website\">Ansvarlig for hjemmesiden<\/h2><ul><li><strong>Udbyder: <\/strong>Valencia Tourist Card, Tyskland<\/li><li><strong>E-mail: <\/strong><a target=\"_blank\" href=\"mailto:patrick@101places.de\">patrick@101places.de<\/a><\/li><\/ul><h2 id=\"diff-to-privacy-policy\">Tilf\u00f8jelse til privatlivspolitikken<\/h2><p>Denne cookiepolitik er et supplement til denne privatlivspolitik. Cookiepolitikken specificerer, hvordan et websted bruger cookies, og hvor mange data det indsamler, da privatlivspolitikken er en omfattende oversigt over alle databehandlingsaktiviteter p\u00e5 webstedet og dets indhold.<\/p><h2 id=\"cookie-technology\">Hvad er cookies og lignende teknologier?<\/h2><p>Cookies er sm\u00e5 stykker information, der indeholder tekstfiler, som kan l\u00e6ses og gemmes p\u00e5 din computer. Dette omfatter f\u00f8lgende former, herunder levering af grundl\u00e6ggende funktioner p\u00e5 webstedet, sikkerhed og privatliv, levering af v\u00e6rdifulde funktioner p\u00e5 webstedet, indsamling af statistiske data om brugeradf\u00e6rd og levering af m\u00e6rkningssystemer. Praktiske eksempler p\u00e5, hvordan cookies kan bruges, er lagring af login-status p\u00e5 brugerens konto, inkludering af en login-kurve p\u00e5 e-handelsplatformen eller et bruger-ID til lagring af oplysninger p\u00e5 webstedet.<br \/><br \/>Cookies kan indstilles teknisk til specifikke form\u00e5l. De mest almindelige typer af cookies, der anvendes, er HTTP-cookies og cookie-logging-teknologier s\u00e5som lokal lagring, sessionslagring eller IndexedDB. Hver type lagring har forskellige egenskaber, som bestemmer den tekniske h\u00e5ndtering, tilg\u00e6ngelighed og ansvarlige, der er autoriseret til at f\u00e5 adgang til oplysningerne. Alle disse typer cookies gemmes normalt under fanen \"cookies\" og annulleres derfor i denne cookiepolitik.<\/p><h2 id=\"legal-basis\">Hvad er det juridiske grundlag for at indstille\/l\u00e6se cookies?<\/h2><p>Indstilling og l\u00e6sning af cookies i Den Europ\u00e6iske Union (EU) og Det Europ\u00e6iske \u00d8konomiske Samarbejdsomr\u00e5de (E\u00d8S) er i overensstemmelse med \u00a7 3 Cookiebekendtg\u00f8relsen kun tilladt, hvis en bruger har givet sit samtykke p\u00e5 grundlag af omfattende oplysninger om form\u00e5let med behandlingen. Hjemmesideoperat\u00f8ren kan ogs\u00e5 indstille cookies, hvis de er strengt n\u00f8dvendige for at give dig som bruger den udtrykkeligt anmodede tjeneste, f.eks. det grundl\u00e6ggende indhold p\u00e5 denne hjemmeside eller andre strengt n\u00f8dvendige cookies til grundl\u00e6ggende funktionalitet p\u00e5 hjemmesiden, der skal vises til dig uden dit samtykke.<\/p><h2 id=\"rights-of-visitor\">Hvad er de bedste rettigheder p\u00e5 hjemmesiden?<\/h2><p>Tjenester og deres cookies kan indstilles og l\u00e6ses p\u00e5 det juridiske grundlag af dit samtykke eller en legitim interesse. Da du bes\u00f8gte dette websted f\u00f8rste gang, blev du bedt om at give dit samtykke, og du havde mulighed for at g\u00f8re indsigelse mod brugen af visse tjenester. Vi forklarede, hvilket retsgrundlag der bruges til hvilken tjeneste i vores samtykkedialog.<br \/><br \/>Du har ret til at se historikken over dine beslutninger, \u00e6ndre dine privatlivsindstillinger, g\u00f8re indsigelse mod brugen af tjenester og tilbagekalde dit samtykke til enhver tid. Nedenfor finder du muligheder for at ud\u00f8ve dine rettigheder:<br \/><ul><li><a  href=\"#consent-change\" role=\"button\" id=\"rcb-sc-link-change\" data-success-message=\"\" class=\"rcb-sc-link rcb-sc-link-change\">Skift privatlivsindstillinger<\/a><\/li><li><a  href=\"#consent-history\" role=\"button\" id=\"rcb-sc-link-history\" data-success-message=\"\" class=\"rcb-sc-link rcb-sc-link-history\">Historik for privatlivsindstillinger<\/a><\/li><li><a  href=\"#consent-revoke\" role=\"button\" id=\"rcb-sc-link-revoke\" data-success-message=\"Du har tilbagekaldt dit samtykke til tjenester med deres cookies og behandling af personlige data. Siden vil nu blive genindl\u00e6st!\" class=\"rcb-sc-link rcb-sc-link-revoke\">Tilbagekaldelse af samtykke<\/a><\/li><\/ul><\/p><h2 id=\"manage-cookies\">Hvordan h\u00e5ndterer man cookies i en browser?<\/h2><p><ul><li><strong>S\u00e5dan fjerner du cookies i en browser:<\/strong> Hvis du vil fjerne cookies fra din enhed, kan du rydde browserdata i indstillingerne i din browser. Denne handling fjerner alle cookies fra alle websteder, du har bes\u00f8gt, herunder potentielt gemte loginoplysninger og webstedspr\u00e6ferencer. I nogle browsere kan du n\u00f8jes med at slette cookies og lignende data uden at slette hele browserhistorikken.<\/li><li><strong>S\u00e5dan styrer du cookies i en browser:<\/strong> For at f\u00e5 mere detaljeret kontrol over cookies, der er specifikke for bestemte websteder, skal du navigere til indstillingerne for privatliv og cookies i din brugte browser. Her kan du justere pr\u00e6ferencerne for de enkelte websteders brug af cookies.<\/li><li><strong>S\u00e5dan blokerer du for cookies i en browser:<\/strong> Det er muligt at konfigurere de fleste moderne browsere i deres indstillinger til at blokere alle cookies fra at blive placeret p\u00e5 din enhed. Men blokering af cookies kan f\u00f8re til, at visse tjenester og funktioner ikke fungerer korrekt, f.eks. logins som bruger. Du kan ogs\u00e5 bruge udvidelser til mange browsere, som kan blokere indstillingen af cookies p\u00e5 hjemmesider.<\/li><li><strong>S\u00e5dan administrerer du cookies p\u00e5 dette websted:<\/strong> For at skr\u00e6ddersy dine pr\u00e6ferencer vedr\u00f8rende cookies p\u00e5 dette websted kan du til enhver tid \u00e6ndre dine pr\u00e6ferencer ved at klikke p\u00e5 linket i afsnittet \"Webstedsbes\u00f8gendes rettigheder\".<\/li><\/li>..<\/ul><p>Du kan finde flere oplysninger om h\u00e5ndtering af cookies <a href=\"https:\/\/devowl.io\/de\/rcb\/cookie-handhabung\/\" target=\"_blank\">devowl.io\/rcb\/cookie-handling\/<\/a>.<\/p><\/p><h2 id=\"types-of-cookies\">Hvilke typer cookies finder der?<\/h2><p><ul><li><strong>Vigtige cookies<\/strong> er uundv\u00e6rlige for den grundl\u00e6ggende funktionalitet p\u00e5 et websted og muligg\u00f8r funktioner som f.eks. lagring af loginoplysninger eller adgang til sikre omr\u00e5der p\u00e5 webstedet. Disse omfatter f.eks. sikkerhedscookies, som kan identificere en bot, der ikke er \u00f8nsket p\u00e5 webstedet, ved at gemme en godkendelsesn\u00f8gle i en cookie.<\/li><li><strong>Funktionelle cookies<\/strong> forbedre brugeroplevelsen ved at gemme oplysninger og pr\u00e6ferencer som f.eks. sprogindstillinger eller indstillinger for hjemmesidens udseende for at give personlig tilpasning. Dette omfatter f.eks. pr\u00e6ferencecookies, der gemmer brugerens foretrukne videokvalitet p\u00e5 et websted.<\/li><li><strong>Statistik-cookies<\/strong> indsamle data om brugen af et websted for at f\u00e5 indsigt i brugeradf\u00e6rd og optimere webstedets ydeevne. Dette omfatter f.eks. et tilf\u00e6ldigt tildelt bruger-ID, der g\u00f8r det muligt at henf\u00f8re, om du har bes\u00f8gt en underside p\u00e5 webstedet.<\/li><li><strong>Cookies til markedsf\u00f8ring<\/strong> bruges til at spore brugeradf\u00e6rd p\u00e5 tv\u00e6rs af forskellige websteder og til at vise personlig reklame baseret p\u00e5 brugernes interesser og surfingadf\u00e6rd. Dette omfatter f.eks. reklamecookies, der gemmer en interaktion med en reklame p\u00e5 webstedet og sender den videre til annonc\u00f8rer eller et chatsystem til sp\u00f8rgsm\u00e5l f\u00f8r salg og kundesupport.<\/li><\/li>..<\/ul><\/p><h2 id=\"cookies-origin\">Hvem kan indstille cookies p\u00e5 denne hjemmeside?<\/h2><p>P\u00e5 dette websted kan b\u00e5de webstedets operat\u00f8r og tredjepartsudbyderen, der har adgang til dette websted, deaktivere cookies og f\u00e5 adgang til deres indhold. Omfanget af adgangen til cookies og deres indhold varierer afh\u00e6ngigt af f\u00f8rsteparts- og tredjepartscookies. F\u00f8rstepartscookies placeres p\u00e5 det p\u00e5g\u00e6ldende websted og kan l\u00e6ses fra webstedets operativsystem og integreres i tredjepartstjenesten p\u00e5 det p\u00e5g\u00e6ldende websted. Tredjepartscookies bruges normalt af tredjepartsudbydere p\u00e5 andre dom\u00e6ner, kan l\u00e6ses p\u00e5 alle dom\u00e6ner, forudsat at den tredjepart, der er ejer af dom\u00e6net, er ligeglad, og kan l\u00e6ses fra klageformularen for at gemme brugerens data p\u00e5 tv\u00e6rs af forskellige hjemmesider og tilbyde personlig annoncering.<\/p><h2 id=\"list-of-services\">Hvilke cookies bruges p\u00e5 denne hjemmeside?<\/h2><script type=\"application\/json\">{\"search\":{\"placeholder\":\"S\\u00f8g...\"},\"sort\":{\"sortAsc\":\"Sort\\u00e9r kolonnen stigende\",\"sortDesc\":\"Sort\\u00e9r kolonnen faldende\"},\"pagination\":{\"previous\":\"Forrige\",\"next\":\"N\\u00e6ste\",\"navigate\":\"Side %1$d af %2$d\",\"page\":\"Side %d\",\"showing\":\"Viser\",\"of\":\"af\",\"to\":\"til\",\"results\":\"resultater\"},\"noRecordsFound\":\"Ingen matchende optegnelser fundet\"}<\/script><table  class=\"devowl-wp-react-cookie-banner-cookie-policy\"><thead><tr><th width=\"200px\" scope=\"col\">Kategori<\/th><th width=\"400px\" scope=\"col\">Teknisk cookienavn<\/th><th width=\"400px\" scope=\"col\">Teknisk cookiev\u00e6rt<\/th><th width=\"400px\" scope=\"col\">Service<\/th><th width=\"250px\" scope=\"col\">Varighed<\/th><th width=\"200px\" scope=\"col\">Typ<\/th><th width=\"550px\" scope=\"col\">Form\u00e5l<\/th><\/tr><\/thead><tbody><tr><td>Essentiel<\/td><td>trp_language<\/td><td>www.valencia-tourist-card.com<\/td><td>TranslatePress<\/td><td>30 dage<\/td><td>HTTP-cookie<\/td><td>-<\/td><\/tr><tr><td>Essentiel<\/td><td>real_cookie_banner*<\/td><td>.valencia-tourist-card.com<\/td><td>Banner til \u00e6gte cookies<\/td><td>365 dage<\/td><td>HTTP-cookie<\/td><td>Unik identifikator for samtykke, men ikke for den bes\u00f8gende p\u00e5 webstedet. Revisionshash for cookie-bannerindstillingerne (tekster, farver, funktioner, servicegrupper, tjenester, indholdsblokkere osv.) ID'er for tjenester og tjenestegrupper, der er givet samtykke til.<\/td><\/tr><tr><td>Essentiel<\/td><td>real_cookie_banner*-tcf<\/td><td>.valencia-tourist-card.com<\/td><td>Banner til \u00e6gte cookies<\/td><td>365 dage<\/td><td>HTTP-cookie<\/td><td>Samtykker indsamlet som en del af TCF og gemt i TC String-format, herunder TCF-leverand\u00f8rer, form\u00e5l, s\u00e6rlige form\u00e5l, funktioner og s\u00e6rlige funktioner.<\/td><\/tr><tr><td>Essentiel<\/td><td>real_cookie_banner*-gcm<\/td><td>.valencia-tourist-card.com<\/td><td>Banner til \u00e6gte cookies<\/td><td>365 dage<\/td><td>HTTP-cookie<\/td><td>De samtykker, der indsamles i Google Consent Mode for de forskellige samtykketyper (form\u00e5l), gemmes for alle tjenester, der er kompatible med Google Consent Mode.<\/td><\/tr><tr><td>Essentiel<\/td><td>real_cookie_banner-test<\/td><td>.valencia-tourist-card.com<\/td><td>Banner til \u00e6gte cookies<\/td><td>365 dage<\/td><td>HTTP-cookie<\/td><td>Cookie, der blev indstillet til at teste funktionaliteten af HTTP-cookies. Slettes umiddelbart efter testen.<\/td><\/tr><tr><td>Essentiel<\/td><td>real_cookie_banner*<\/td><td>https:\/\/www.valencia-tourist-card.com<\/td><td>Banner til \u00e6gte cookies<\/td><td>-<\/td><td>Lokal opbevaring<\/td><td>Unik identifikator for samtykke, men ikke for den bes\u00f8gende p\u00e5 webstedet. Revisionshash for cookie-bannerindstillingerne (tekster, farver, funktioner, servicegrupper, tjenester, indholdsblokkere osv.) ID'er for tjenester og tjenestegrupper, der er givet samtykke til. Gemmes kun, indtil samtykket er dokumenteret p\u00e5 hjemmesidens server.<\/td><\/tr><tr><td>Essentiel<\/td><td>real_cookie_banner*-tcf<\/td><td>https:\/\/www.valencia-tourist-card.com<\/td><td>Banner til \u00e6gte cookies<\/td><td>-<\/td><td>Lokal opbevaring<\/td><td>Samtykker, der indsamles som en del af TCF, gemmes i TC-strengformat, herunder TCF-leverand\u00f8rer, form\u00e5l, s\u00e6rlige form\u00e5l, funktioner og s\u00e6rlige funktioner. Gemmes kun, indtil samtykket er dokumenteret p\u00e5 hjemmesidens server.<\/td><\/tr><tr><td>Essentiel<\/td><td>real_cookie_banner*-gcm<\/td><td>https:\/\/www.valencia-tourist-card.com<\/td><td>Banner til \u00e6gte cookies<\/td><td>-<\/td><td>Lokal opbevaring<\/td><td>Samtykker, der registreres som en del af Google Consent Mode, gemmes i samtykketyper (form\u00e5l) for alle tjenester, der er kompatible med Google Consent Mode. Det gemmes kun, indtil samtykket er dokumenteret p\u00e5 hjemmesidens server.<\/td><\/tr><tr><td>Essentiel<\/td><td>real_cookie_banner-consent-queue*.<\/td><td>https:\/\/www.valencia-tourist-card.com<\/td><td>Banner til \u00e6gte cookies<\/td><td>-<\/td><td>Lokal opbevaring<\/td><td>Lokal caching af valget i cookie-banneret, indtil serveren dokumenterer samtykke; dokumentation fors\u00f8ges med j\u00e6vne mellemrum eller ved sideskift, hvis serveren ikke er tilg\u00e6ngelig eller er overbelastet.<\/td><\/tr><tr><td>Funktionel<\/td><td>wpEmojiSettingsSupports<\/td><td>https:\/\/www.valencia-tourist-card.com<\/td><td>WordPress-emojis<\/td><td>SESSION<\/td><td>Opbevaring af sessioner<\/td><td>Tidsstempler og om det er muligt at indstille emojis<\/td><\/tr><\/tbody><\/table><p>Cookiepolitikken blev sidst opdateret den 9. maj 2025.<\/p>","protected":false},"excerpt":{"rendered":"","protected":false},"author":1,"featured_media":0,"parent":0,"menu_order":0,"comment_status":"closed","ping_status":"closed","template":"","meta":{"footnotes":""},"class_list":["post-42","page","type-page","status-publish"],"aioseo_notices":[],"_links":{"self":[{"href":"https:\/\/www.valencia-tourist-card.com\/da\/wp-json\/wp\/v2\/pages\/42","targetHints":{"allow":["GET"]}}],"collection":[{"href":"https:\/\/www.valencia-tourist-card.com\/da\/wp-json\/wp\/v2\/pages"}],"about":[{"href":"https:\/\/www.valencia-tourist-card.com\/da\/wp-json\/wp\/v2\/types\/page"}],"author":[{"embeddable":true,"href":"https:\/\/www.valencia-tourist-card.com\/da\/wp-json\/wp\/v2\/users\/1"}],"replies":[{"embeddable":true,"href":"https:\/\/www.valencia-tourist-card.com\/da\/wp-json\/wp\/v2\/comments?post=42"}],"version-history":[{"count":0,"href":"https:\/\/www.valencia-tourist-card.com\/da\/wp-json\/wp\/v2\/pages\/42\/revisions"}],"wp:attachment":[{"href":"https:\/\/www.valencia-tourist-card.com\/da\/wp-json\/wp\/v2\/media?parent=42"}],"curies":[{"name":"wp","href":"https:\/\/api.w.org\/{rel}","templated":true}]}}