{"id":42,"date":"2025-05-09T14:08:11","date_gmt":"2025-05-09T12:08:11","guid":{"rendered":"https:\/\/www.valencia-tourist-card.com\/cookie-richtlinie\/"},"modified":"2025-05-09T14:08:11","modified_gmt":"2025-05-09T12:08:11","slug":"politica-de-cookies","status":"publish","type":"page","link":"https:\/\/www.valencia-tourist-card.com\/es\/cookie-richtlinie\/","title":{"rendered":"Pol\u00edtica de cookies"},"content":{"rendered":"<p>Con esta pol\u00edtica de cookies, nos gustar\u00eda explicar qu\u00e9 son las cookies y las tecnolog\u00edas similares a las cookies, c\u00f3mo nosotros y otros proveedores de servicios las utilizamos en este sitio web, qu\u00e9 informaci\u00f3n recopilan, durante cu\u00e1nto tiempo y con qu\u00e9 fines las utilizamos.<\/p><h2>\u00cdndice<\/h2><ul><li><a href=\"#controller-of-the-website\">Responsable del sitio web<\/a><\/li><li><a href=\"#diff-to-privacy-policy\">Informaci\u00f3n adicional a la pol\u00edtica de privacidad<\/a><\/li><li><a href=\"#cookie-technology\">\u00bfQu\u00e9 son las cookies y tecnolog\u00edas similares?<\/a><\/li><li><a href=\"#legal-basis\">\u00bfCu\u00e1l es la base legal para establecer\/leer cookies?<\/a><\/li><li><a href=\"#rights-of-visitor\">\u00bfQu\u00e9 derechos tiene el visitante del sitio web?<\/a><\/li><li><a href=\"#manage-cookies\">\u00bfC\u00f3mo gestionar las cookies en un navegador?<\/a><\/li><li><a href=\"#types-of-cookies\">\u00bfQu\u00e9 tipos de cookies existen?<\/a><\/li><li><a href=\"#cookies-origin\">\u00bfQui\u00e9n puede instalar cookies en este sitio web?<\/a><\/li><li><a href=\"#list-of-services\">\u00bfQu\u00e9 cookies se utilizan en este sitio web?<\/a><\/li><\/ul><h2 id=\"controller-of-the-website\">Responsable del sitio web<\/h2><ul><li><strong>Proveedor: <\/strong>Valencia Tourist Card, Alemania<\/li><li><strong>Correo electr\u00f3nico: <\/strong><a target=\"_blank\" href=\"mailto:patrick@101places.de\">patrick@101places.de<\/a><\/li><\/ul><h2 id=\"diff-to-privacy-policy\">Informaci\u00f3n adicional a la pol\u00edtica de privacidad<\/h2><p>Esta pol\u00edtica de cookies es un suplemento a la pol\u00edtica de privacidad de este sitio web. La pol\u00edtica de cookies especifica c\u00f3mo utiliza un sitio web las cookies y qu\u00e9 datos recopila a trav\u00e9s de ellas, mientras que la pol\u00edtica de privacidad es una descripci\u00f3n m\u00e1s completa de todas las actividades de procesamiento de datos en la p\u00e1gina web y fuera de la misma.<\/p><h2 id=\"cookie-technology\">\u00bfQu\u00e9 son las cookies y tecnolog\u00edas similares?<\/h2><p>Las cookies son peque\u00f1os fragmentos de informaci\u00f3n similares a archivos de texto que pueden almacenarse y leerse en el dispositivo final. Sirven para diversas razones, incluyendo mantener las funcionalidades b\u00e1sicas del sitio web, la seguridad y la privacidad, proporcionar funciones opcionales del sitio web, recopilar datos estad\u00edsticos sobre los flujos de visitantes, y proporcionar sistemas de marketing. Algunos ejemplos pr\u00e1cticos de lo que se puede almacenar en las cookies son el almacenamiento del estado de inicio de sesi\u00f3n en las cuentas de usuario, el contenido de las cestas de la compra en las plataformas de comercio electr\u00f3nico, o una identificaci\u00f3n de usuario para el seguimiento del comportamiento en el sitio web.<br \/><br \/>La informaci\u00f3n puede almacenarse t\u00e9cnicamente de varias maneras. Los ejemplos m\u00e1s conocidos son las cookies HTTP y las tecnolog\u00edas similares a las cookies, como el almacenamiento local, el almacenamiento de sesi\u00f3n o IndexedDB. Cada tipo de almacenamiento tiene caracter\u00edsticas diferentes, que determinan la gesti\u00f3n t\u00e9cnica, la accesibilidad y los responsables autorizados para acceder a la informaci\u00f3n. Todos estos tipos de almacenamiento suelen resumirse bajo el t\u00e9rmino \"cookies\" y, por lo tanto, se denominan como tales en esta pol\u00edtica de cookies.<\/p><h2 id=\"legal-basis\">\u00bfCu\u00e1l es la base legal para establecer\/leer cookies?<\/h2><p>La configuraci\u00f3n y lectura de cookies en la Uni\u00f3n Europea (UE) y en el Espacio Econ\u00f3mico Europeo (EEE) solo est\u00e1 permitida, de conformidad con Art\u00edculo 22 (2) de la Ley de Servicios de la Sociedad de la Informaci\u00f3n y de Comercio Electr\u00f3nico (LSSI), si el usuario ha dado su consentimiento sobre la base de una informaci\u00f3n exhaustiva acerca de las razones del tratamiento. El operador del sitio web tambi\u00e9n puede instalar cookies si son estrictamente necesarias para proporcionarle a usted como usuario el servicio expresamente solicitado como, por ejemplo, el contenido b\u00e1sico de este sitio web u otras cookies estrictamente necesarias para el funcionamiento b\u00e1sico del sitio web para mostr\u00e1rselo sin su consentimiento.<\/p><h2 id=\"rights-of-visitor\">\u00bfQu\u00e9 derechos tiene el visitante del sitio web?<\/h2><p>Los servicios y sus cookies pueden establecerse y leerse sobre la base legal de su consentimiento o de un inter\u00e9s leg\u00edtimo. Cuando visit\u00f3 este sitio web por primera vez, se le pidi\u00f3 su consentimiento y tuvo la oportunidad de oponerse al uso de determinados servicios. En nuestro di\u00e1logo de consentimiento explicamos qu\u00e9 base jur\u00eddica se utiliza para cada servicio.<br \/><br \/>Tiene derecho a consultar el historial de sus decisiones, cambiar su configuraci\u00f3n de privacidad, oponerse al uso de los servicios y revocar su consentimiento en cualquier momento. A continuaci\u00f3n encontrar\u00e1 las posibilidades de ejercer sus derechos:<br \/><ul><li>Por favor, \u00a1proporcione un atributo `type` en su shortcode. Permitido: history,revoke,change!<\/li><li>Por favor, \u00a1proporcione un atributo `type` en su shortcode. Permitido: history,revoke,change!<\/li><li>Por favor, \u00a1proporcione un atributo `type` en su shortcode. Permitido: history,revoke,change!<\/li><\/ul><\/p><h2 id=\"manage-cookies\">\u00bfC\u00f3mo gestionar las cookies en un navegador?<\/h2><p><ul><li><strong>C\u00f3mo eliminar las cookies en un navegador:<\/strong> Para eliminar las cookies de su dispositivo, puede borrar los datos de navegaci\u00f3n en la configuraci\u00f3n de su navegador. Esta acci\u00f3n eliminar\u00e1 todas las cookies de todos los sitios web que hayas visitado, incluyendo potencialmente los datos de inicio de sesi\u00f3n guardados y las preferencias del sitio. En algunos navegadores, s\u00f3lo puedes eliminar las cookies y datos similares sin borrar todo el historial de navegaci\u00f3n.<\/li><li><strong>C\u00f3mo controlar las cookies en un navegador:<\/strong> Para un control m\u00e1s detallado de las cookies espec\u00edficas de determinados sitios web, vaya a la configuraci\u00f3n de privacidad y cookies de su navegador. Aqu\u00ed, puede ajustar las preferencias relacionadas con el uso de cookies de sitios individuales.<\/li><li><strong>C\u00f3mo bloquear las cookies en un navegador:<\/strong> Es posible configurar la mayor\u00eda de los navegadores modernos para bloquear todas las cookies en su dispositivo. Pero bloquear las cookies puede hacer que algunos servicios y funcionalidades no funcionen correctamente, por ejemplo, el inicio de sesi\u00f3n como usuario. Tambi\u00e9n puede utilizar extensiones para muchos navegadores que pueden bloquear la instalaci\u00f3n de cookies en sitios web.<\/li><li><strong>C\u00f3mo gestionar las cookies en este sitio web:<\/strong> Para adaptar sus preferencias con respecto a las cookies en este sitio web, puede cambiar sus preferencias en cualquier momento haciendo clic en el enlace de la secci\u00f3n \"Derechos del visitante del sitio web\".<\/li><\/li> <li> <li><\/ul><p>Puede encontrar m\u00e1s informaci\u00f3n sobre el tratamiento de las cookies <a href=\"https:\/\/devowl.io\/de\/rcb\/cookie-handhabung\/\" target=\"_blank\">devowl.io\/rcb\/cookie-handling\/<\/a>.<\/p><\/p><h2 id=\"types-of-cookies\">\u00bfQu\u00e9 tipos de cookies existen?<\/h2><p><ul><li><strong>Galletas esenciales<\/strong> son indispensables para la funcionalidad b\u00e1sica de un sitio web y permiten funciones como guardar la informaci\u00f3n de inicio de sesi\u00f3n o acceder a zonas seguras del sitio. Entre ellas se incluyen, por ejemplo, las cookies de seguridad, que pueden identificar a un bot no deseado en el sitio web almacenando una clave de autenticaci\u00f3n en una cookie.<\/li><li><strong>Cookies funcionales<\/strong> mejorar la experiencia del usuario almacenando informaci\u00f3n y preferencias, como la configuraci\u00f3n de idioma o la configuraci\u00f3n de apariencia del sitio web, para ofrecer un servicio personalizado. Esto incluye, por ejemplo, cookies de preferencias que almacenan la calidad de v\u00eddeo preferida por el usuario en un sitio web.<\/li><li><strong>Cookies estad\u00edsticas<\/strong> recopilar datos sobre el uso de un sitio web para obtener informaci\u00f3n sobre el comportamiento de los usuarios y optimizar el rendimiento del sitio. Esto incluye, por ejemplo, un identificador de usuario asignado aleatoriamente que permite atribuir si ha visitado una subp\u00e1gina del sitio web.<\/li><li><strong>Cookies de marketing<\/strong> se utilizan para rastrear el comportamiento de los usuarios en diferentes sitios web y mostrar publicidad personalizada basada en los intereses y el comportamiento de navegaci\u00f3n de los usuarios. Esto incluye, por ejemplo, cookies publicitarias que almacenan una interacci\u00f3n con un anuncio en el sitio web y la transmiten a los anunciantes o un sistema de chat para preguntas previas a la venta y atenci\u00f3n al cliente.<\/li><\/li> <li> <li><\/ul><\/p><h2 id=\"cookies-origin\">\u00bfQui\u00e9n puede instalar cookies en este sitio web?<\/h2><p>En este sitio web, tanto el operador del mismo como los servicios de terceros que se utilizan en \u00e9l, pueden establecer cookies y acceder a su contenido. Quien puede acceder a una cookie determinada y a su contenido depende de si se trata de cookies propias o de terceros. La p\u00e1gina web que se visita crea cookies propias y \u00e9stas s\u00f3lo pueden ser le\u00eddas por el operador del sitio web y los servicios de terceros integrados en este sitio web. Normalmente los servicios de terceros crean cookies de terceros en otros dominios y \u00e9stas pueden ser le\u00eddas en todos los sitios en los que est\u00e9 integrado el servicio que controla el dominio. Un ejemplo de uso de estas \u00faltimas cookies es el de las redes publicitarias al rastrear el comportamiento de los usuarios en diferentes sitios web y ofrecer publicidad personalizada.<\/p><h2 id=\"list-of-services\">\u00bfQu\u00e9 cookies se utilizan en este sitio web?<\/h2><script type=\"application\/json\">{\"search\":{\"placeholder\":\"Buscar...\"},\"sort\":{\"sortAsc\":\"Ordenar columna de menor a mayor\",\"sortDesc\":\"Ordenar columna de mayor a menor\"},\"pagination\":{\"previous\":\"Anterior\",\"next\":\"Siguiente\",\"navigate\":\"P\\u00e1gina %1$d de %2$d\",\"page\":\"P\\u00e1gina %d\",\"showing\":\"Mostrando\",\"of\":\"de\",\"to\":\"a\",\"results\":\"resultados\"},\"noRecordsFound\":\"No se han encontrado registros que coincidan\"}<\/script><table  class=\"devowl-wp-react-cookie-banner-cookie-policy\"><thead><tr><th width=\"200px\" scope=\"col\">Categor\u00eda<\/th><th width=\"400px\" scope=\"col\">Nombre de la cookie t\u00e9cnica<\/th><th width=\"400px\" scope=\"col\">Servidor de cookies t\u00e9cnicas<\/th><th width=\"400px\" scope=\"col\">Servicio<\/th><th width=\"250px\" scope=\"col\">Duraci\u00f3n<\/th><th width=\"200px\" scope=\"col\">Tipo<\/th><th width=\"550px\" scope=\"col\">Prop\u00f3sito<\/th><\/tr><\/thead><tbody><tr><td>Esencial<\/td><td>idioma_trp<\/td><td>www.valencia-tourist-card.com<\/td><td>TraducirPrensa<\/td><td>30 d\u00edas<\/td><td>Cookie HTTP<\/td><td>-<\/td><\/tr><tr><td>Esencial<\/td><td>real_cookie_banner*<\/td><td>.valencia-tourist-card.com<\/td><td>Pancartas de galletas reales<\/td><td>365 d\u00edas<\/td><td>Cookie HTTP<\/td><td>Identificador \u00fanico para el consentimiento, pero no para el visitante del sitio web. Hash de revisi\u00f3n para la configuraci\u00f3n del banner de cookies (textos, colores, funciones, grupos de servicios, servicios, bloqueadores de contenido, etc.). Identificadores para servicios y grupos de servicios consentidos.<\/td><\/tr><tr><td>Esencial<\/td><td>real_cookie_banner*-tcf<\/td><td>.valencia-tourist-card.com<\/td><td>Pancartas de galletas reales<\/td><td>365 d\u00edas<\/td><td>Cookie HTTP<\/td><td>Consentimientos recogidos como parte del TCF y almacenados en formato TC String, incluidos los proveedores del TCF, fines, fines especiales, funciones y funciones especiales.<\/td><\/tr><tr><td>Esencial<\/td><td>real_cookie_banner*-gcm<\/td><td>.valencia-tourist-card.com<\/td><td>Pancartas de galletas reales<\/td><td>365 d\u00edas<\/td><td>Cookie HTTP<\/td><td>Los consentimientos recopilados en el Modo Consentimiento de Google para los distintos tipos de consentimiento (fines) se almacenan para todos los servicios compatibles con el Modo Consentimiento de Google.<\/td><\/tr><tr><td>Esencial<\/td><td>real_cookie_banner-test<\/td><td>.valencia-tourist-card.com<\/td><td>Pancartas de galletas reales<\/td><td>365 d\u00edas<\/td><td>Cookie HTTP<\/td><td>Cookie establecida para probar la funcionalidad de las cookies HTTP. Se elimina inmediatamente despu\u00e9s de la prueba.<\/td><\/tr><tr><td>Esencial<\/td><td>real_cookie_banner*<\/td><td>https:\/\/www.valencia-tourist-card.com<\/td><td>Pancartas de galletas reales<\/td><td>-<\/td><td>Almacenamiento local<\/td><td>Identificador \u00fanico para el consentimiento, pero no para el visitante del sitio web. Hash de revisi\u00f3n para la configuraci\u00f3n del banner de cookies (textos, colores, funciones, grupos de servicios, servicios, bloqueadores de contenido, etc.). Identificadores para los servicios y grupos de servicios consentidos. S\u00f3lo se almacenan hasta que se documenta el consentimiento en el servidor del sitio web.<\/td><\/tr><tr><td>Esencial<\/td><td>real_cookie_banner*-tcf<\/td><td>https:\/\/www.valencia-tourist-card.com<\/td><td>Pancartas de galletas reales<\/td><td>-<\/td><td>Almacenamiento local<\/td><td>Los consentimientos recogidos en el marco del TCF se almacenan en formato de cadena TC, incluidos los proveedores del TCF, los fines, los fines especiales, las funciones y las funciones especiales. Se almacenan s\u00f3lo hasta que el consentimiento se documenta en el servidor del sitio web.<\/td><\/tr><tr><td>Esencial<\/td><td>real_cookie_banner*-gcm<\/td><td>https:\/\/www.valencia-tourist-card.com<\/td><td>Pancartas de galletas reales<\/td><td>-<\/td><td>Almacenamiento local<\/td><td>Los consentimientos registrados en el marco del Modo Consentimiento de Google se almacenan en tipos de consentimiento (fines) para todos los servicios compatibles con el Modo Consentimiento de Google. Solo se almacena hasta que el consentimiento se documenta en el servidor del sitio web.<\/td><\/tr><tr><td>Esencial<\/td><td>real_cookie_banner-consent-queue* (en ingl\u00e9s)<\/td><td>https:\/\/www.valencia-tourist-card.com<\/td><td>Pancartas de galletas reales<\/td><td>-<\/td><td>Almacenamiento local<\/td><td>Almacenamiento local en cach\u00e9 de la selecci\u00f3n en el banner de cookies hasta que el servidor documente el consentimiento; la documentaci\u00f3n se intenta peri\u00f3dicamente o al cambiar de p\u00e1gina si el servidor no est\u00e1 disponible o est\u00e1 sobrecargado.<\/td><\/tr><tr><td>Funcional<\/td><td>wpEmojiSettingsSupports<\/td><td>https:\/\/www.valencia-tourist-card.com<\/td><td>Emojis de WordPress<\/td><td>SESI\u00d3N<\/td><td>Almacenamiento de sesiones<\/td><td>Fechas y si es posible poner emojis<\/td><\/tr><\/tbody><\/table><p>La pol\u00edtica de cookies se actualiz\u00f3 por \u00faltima vez el 9. mayo 2025.<\/p>","protected":false},"excerpt":{"rendered":"","protected":false},"author":1,"featured_media":0,"parent":0,"menu_order":0,"comment_status":"closed","ping_status":"closed","template":"","meta":{"footnotes":""},"class_list":["post-42","page","type-page","status-publish"],"aioseo_notices":[],"_links":{"self":[{"href":"https:\/\/www.valencia-tourist-card.com\/es\/wp-json\/wp\/v2\/pages\/42","targetHints":{"allow":["GET"]}}],"collection":[{"href":"https:\/\/www.valencia-tourist-card.com\/es\/wp-json\/wp\/v2\/pages"}],"about":[{"href":"https:\/\/www.valencia-tourist-card.com\/es\/wp-json\/wp\/v2\/types\/page"}],"author":[{"embeddable":true,"href":"https:\/\/www.valencia-tourist-card.com\/es\/wp-json\/wp\/v2\/users\/1"}],"replies":[{"embeddable":true,"href":"https:\/\/www.valencia-tourist-card.com\/es\/wp-json\/wp\/v2\/comments?post=42"}],"version-history":[{"count":0,"href":"https:\/\/www.valencia-tourist-card.com\/es\/wp-json\/wp\/v2\/pages\/42\/revisions"}],"wp:attachment":[{"href":"https:\/\/www.valencia-tourist-card.com\/es\/wp-json\/wp\/v2\/media?parent=42"}],"curies":[{"name":"wp","href":"https:\/\/api.w.org\/{rel}","templated":true}]}}