{"id":42,"date":"2025-05-09T14:08:11","date_gmt":"2025-05-09T12:08:11","guid":{"rendered":"https:\/\/www.valencia-tourist-card.com\/cookie-richtlinie\/"},"modified":"2025-05-09T14:08:11","modified_gmt":"2025-05-09T12:08:11","slug":"politica-dei-cookie","status":"publish","type":"page","link":"https:\/\/www.valencia-tourist-card.com\/it\/cookie-richtlinie\/","title":{"rendered":"Informativa sui cookie"},"content":{"rendered":"<p>Con la presente informativa sui cookie vogliamo spiegare cosa sono i cookie e le tecnologie simili, come noi e altri fornitori di servizi li utilizziamo su questo sito web, quali informazioni raccogliamo, in quale momento e per quali scopi li utilizziamo.<\/p><h2>Indice dei contenuti<\/h2><ul><li><a href=\"#controller-of-the-website\">Controllo del sito web<\/a><\/li><li><a href=\"#diff-to-privacy-policy\">Aggiunta all'informativa sulla privacy<\/a><\/li><li><a href=\"#cookie-technology\">Cosa sono i cookie e le tecnologie simili?<\/a><\/li><li><a href=\"#legal-basis\">Qual \u00e8 la base giuridica per l'impostazione\/lettura dei cookie?<\/a><\/li><li><a href=\"#rights-of-visitor\">Quali diritti ha il visitatore del sito web?<\/a><\/li><li><a href=\"#manage-cookies\">Come gestire i cookie in un browser?<\/a><\/li><li><a href=\"#types-of-cookies\">Quali tipi di cookie esistono?<\/a><\/li><li><a href=\"#cookies-origin\">Chi pu\u00f2 impostare i cookie su questo sito web?<\/a><\/li><li><a href=\"#list-of-services\">Quali cookie vengono utilizzati su questo sito web?<\/a><\/li><\/ul><h2 id=\"controller-of-the-website\">Controllo del sito web<\/h2><ul><li><strong>Fornitore: <\/strong>Valencia Tourist Card, Germania<\/li><li><strong>Email: <\/strong><a target=\"_blank\" href=\"mailto:patrick@101places.de\">patrick@101places.de<\/a><\/li><\/ul><h2 id=\"diff-to-privacy-policy\">Aggiunta all'informativa sulla privacy<\/h2><p>La presente informativa sui cookie costituisce un'integrazione della <a href=\"https:\/\/www.valencia-tourist-card.com\/it\/datenschutz\/\" target=\"_blank\">politica sulla privacy di questo sito web<\/a>. La politica sui cookie specifica come un sito web utilizza i cookie e quali dati raccoglie attraverso di essi, mentre la politica sulla privacy \u00e8 una panoramica pi\u00f9 completa di tutte le attivit\u00e0 di elaborazione dei dati sul sito web e oltre.<\/p><h2 id=\"cookie-technology\">Cosa sono i cookie e le tecnologie simili?<\/h2><p>I cookie sono piccole informazioni simili a file di testo che possono essere memorizzate e lette sul dispositivo finale. Servono a vari scopi, tra cui il mantenimento delle funzionalit\u00e0 di base del sito web, la sicurezza e la privacy, la fornitura di funzioni opzionali del sito web, la raccolta di dati statistici sui flussi di visitatori e la fornitura di sistemi di marketing. Esempi pratici che possono essere memorizzati nei cookie sono la memorizzazione dello stato di login degli account degli utenti, il contenuto della memorizzazione dei dati nelle piattaforme di e-commerce, o un ID utente per il monitoraggio del comportamento sul sito web.<br \/><br \/>Tecnicamente, le informazioni possono essere memorizzate in vari modi. Gli esempi pi\u00f9 significativi sono i cookie HTTP e le tecnologie simili ai cookie, come l'archiviazione locale, l'archiviazione di sessione e IndexedDB. Ogni tipo di archiviazione ha diverse propriet\u00e0 che ne determinano la gestione tecnica, l'accessibilit\u00e0 e i controllori autorizzati ad accedere alle informazioni. Tutti questi tipi di archiviazione sono solitamente riassunti sotto il termine \"cookie\" e sono quindi denominati come tali in questa politica sui cookie.<\/p><h2 id=\"legal-basis\">Qual \u00e8 la base giuridica per l'impostazione\/lettura dei cookie?<\/h2><p>L'impostazione e la lettura dei cookie nell'Unione Europea (UE) e nello Spazio Economico Europeo (SEE) sono consentite, in conformit\u00e0 con Articolo 122 Codice italiano di protezione dei dati personali (Codice in materia di protezione dei dati personali), solo se l'utente ha dato il suo consenso sulla base di un'informazione completa sulle finalit\u00e0 del trattamento. L'operatore del sito web pu\u00f2 anche impostare i cookie se sono strettamente necessari per fornire a lei come utente il servizio espressamente richiesto, ad esempio il contenuto di base di questo sito web o altri cookie strettamente necessari per la funzionalit\u00e0 di base del sito web da mostrare all'utente senza il suo consenso.<\/p><h2 id=\"rights-of-visitor\">Quali diritti ha il visitatore del sito web?<\/h2><p>I servizi e i relativi cookie possono essere impostati e letti sulla base del vostro consenso o di un interesse legittimo. Quando avete visitato questo sito per la prima volta, vi \u00e8 stato chiesto il consenso e avete avuto la possibilit\u00e0 di opporvi all'utilizzo di alcuni servizi. Nel dialogo sul consenso abbiamo spiegato quale base giuridica viene utilizzata per ciascun servizio.<br \/><br \/>Avete il diritto di visualizzare la cronologia delle vostre decisioni, di modificare le vostre impostazioni sulla privacy, di opporvi all'uso dei servizi e di revocare il vostro consenso in qualsiasi momento. Di seguito trovate le possibilit\u00e0 di esercitare i vostri diritti:<br \/><ul><li><a  href=\"#consent-change\" role=\"button\" id=\"rcb-sc-link-change\" data-success-message=\"\" class=\"rcb-sc-link rcb-sc-link-change\">Cambia le impostazioni sulla privacy<\/a><\/li><li><a  href=\"#consent-history\" role=\"button\" id=\"rcb-sc-link-history\" data-success-message=\"\" class=\"rcb-sc-link rcb-sc-link-history\">Cronologia impostazioni privacy<\/a><\/li><li><a  href=\"#consent-revoke\" role=\"button\" id=\"rcb-sc-link-revoke\" data-success-message=\"Hai revocato con successo il tuo consenso per i servizi con i relativi cookie e il trattamento dei dati personali. La pagina verr\u00e0 ora ricaricata!\" class=\"rcb-sc-link rcb-sc-link-revoke\">Revocare i consensi<\/a><\/li><\/ul><\/p><h2 id=\"manage-cookies\">Come gestire i cookie in un browser?<\/h2><p><ul><li><strong>Come rimuovere i cookie in un browser:<\/strong> Per rimuovere i cookie dal dispositivo, \u00e8 possibile cancellare i dati di navigazione nelle impostazioni del browser. Questa azione rimuover\u00e0 tutti i cookie da tutti i siti web visitati, compresi potenzialmente i dati di accesso salvati e le preferenze del sito. In alcuni browser \u00e8 possibile eliminare solo i cookie e dati simili senza cancellare l'intera cronologia di navigazione.<\/li><li><strong>Come controllare i cookie in un browser:<\/strong> Per un controllo pi\u00f9 dettagliato sui cookie specifici di alcuni siti web, \u00e8 possibile accedere alle impostazioni sulla privacy e sui cookie del browser utilizzato. Qui \u00e8 possibile regolare le preferenze relative all'utilizzo dei cookie da parte di singoli siti.<\/li><li><strong>Come bloccare i cookie in un browser:<\/strong> \u00c8 possibile configurare la maggior parte dei browser moderni nelle loro impostazioni in modo da bloccare l'installazione di tutti i cookie sul dispositivo. Tuttavia, bloccando i cookie, alcuni servizi e funzionalit\u00e0 potrebbero non funzionare correttamente, ad esempio il login come utente. \u00c8 inoltre possibile utilizzare estensioni per molti browser in grado di bloccare l'impostazione dei cookie sui siti web.<\/li><li><strong>Come gestire i cookie su questo sito web:<\/strong> Per adattare le vostre preferenze in materia di cookie su questo sito web, potete modificare le vostre preferenze in qualsiasi momento cliccando sul link nella sezione \"Diritti del visitatore del sito web\".<\/li><\/li>..<\/ul><p>\u00c8 possibile trovare ulteriori informazioni sulla gestione dei cookie <a href=\"https:\/\/devowl.io\/de\/rcb\/cookie-handhabung\/\" target=\"_blank\">devowl.io\/rcb\/cookie-handling\/<\/a>.<\/p><\/p><h2 id=\"types-of-cookies\">Quali tipi di cookie esistono?<\/h2><p><ul><li><strong>Biscotti essenziali<\/strong> sono indispensabili per la funzionalit\u00e0 di base di un sito web e consentono funzioni quali il salvataggio delle informazioni di login o l'accesso ad aree sicure del sito. Questi includono, ad esempio, i cookie di sicurezza, che possono identificare un bot non desiderato sul sito web memorizzando una chiave di autenticazione in un cookie.<\/li><li><strong>Cookie funzionali<\/strong> migliorare l'esperienza dell'utente memorizzando informazioni e preferenze, come le impostazioni della lingua o dell'aspetto del sito web, per fornire informazioni personalizzate. Ci\u00f2 include, ad esempio, i cookie di preferenza che memorizzano la qualit\u00e0 video preferita dall'utente su un sito web.<\/li><li><strong>Cookie statistici<\/strong> raccogliere dati sull'utilizzo di un sito web per comprendere il comportamento degli utenti e ottimizzare le prestazioni del sito. Ci\u00f2 include, ad esempio, un ID utente assegnato in modo casuale che consente di attribuire se l'utente ha visitato una sottopagina del sito web.<\/li><li><strong>Cookie di marketing<\/strong> sono utilizzati per tracciare il comportamento degli utenti su diversi siti web e per visualizzare pubblicit\u00e0 personalizzata in base agli interessi e al comportamento di navigazione degli utenti. Ci\u00f2 include, ad esempio, i cookie pubblicitari che memorizzano l'interazione con una pubblicit\u00e0 sul sito web e la trasmettono agli inserzionisti o un sistema di chat per le domande pre-vendita e l'assistenza clienti.<\/li><\/li>..<\/ul><\/p><h2 id=\"cookies-origin\">Chi pu\u00f2 impostare i cookie su questo sito web?<\/h2><p>Su questo sito web, sia l'operatore del sito web che i servizi di terze parti che vengono utilizzati su questo sito web possono impostare dei cookie e accedere al suo contenuto. Chi pu\u00f2 accedere a quali cookie e al loro contenuto differisce tra cookie di prima parte e cookie di terza parte. I cookie di prima parte sono creati dal sito web visitato e possono essere letti solo dall'operatore del sito web e dai servizi di terze parti integrati in questo sito web. I cookie di terze parti sono impostati da servizi solitamente di terze parti su altri domini, possono essere letti da tutti i siti web in cui \u00e8 incorporato il servizio che controlla il dominio e, ad esempio, sono utilizzati dalle reti pubblicitarie per tracciare il comportamento degli utenti su diversi siti web e offrire pubblicit\u00e0 personalizzata.<\/p><h2 id=\"list-of-services\">Quali cookie vengono utilizzati su questo sito web?<\/h2><script type=\"application\/json\">{\"search\":{\"placeholder\":\"Cerca...\"},\"sort\":{\"sortAsc\":\"Ordina la colonna in modo ascendente\",\"sortDesc\":\"Ordina la colonna in modo decrescente\"},\"pagination\":{\"previous\":\"Precedente\",\"next\":\"Successivo\",\"navigate\":\"Pagina %1$d di %2$d\",\"page\":\"Pagina %d\",\"showing\":\"Mostrando\",\"of\":\"di\",\"to\":\"per\",\"results\":\"risultati\"},\"noRecordsFound\":\"Non sono stati trovati record corrispondenti\"}<\/script><table  class=\"devowl-wp-react-cookie-banner-cookie-policy\"><thead><tr><th width=\"200px\" scope=\"col\">Categoria<\/th><th width=\"400px\" scope=\"col\">Nome tecnico del cookie<\/th><th width=\"400px\" scope=\"col\">Ospite tecnico dei cookie<\/th><th width=\"400px\" scope=\"col\">Servizio<\/th><th width=\"250px\" scope=\"col\">Durata<\/th><th width=\"200px\" scope=\"col\">Tipo<\/th><th width=\"550px\" scope=\"col\">Scopo<\/th><\/tr><\/thead><tbody><tr><td>Elementi essenziali<\/td><td>trp_lingua<\/td><td>www.valencia-tourist-card.com<\/td><td>TradurrePress<\/td><td>30 giorni<\/td><td>Cookie HTTP<\/td><td>-<\/td><\/tr><tr><td>Elementi essenziali<\/td><td>banner_cookie_reale*<\/td><td>.valencia-turist-card.com<\/td><td>Banner di biscotti reali<\/td><td>365 giorni<\/td><td>Cookie HTTP<\/td><td>Identificatore unico per il consenso, ma non per il visitatore del sito web. Hash di revisione per le impostazioni del cookie banner (testi, colori, funzioni, gruppi di servizi, servizi, blocco dei contenuti, ecc.) ID per i servizi e i gruppi di servizi acconsentiti.<\/td><\/tr><tr><td>Elementi essenziali<\/td><td>banner_cookie_reale*-tcf<\/td><td>.valencia-turist-card.com<\/td><td>Banner di biscotti reali<\/td><td>365 giorni<\/td><td>Cookie HTTP<\/td><td>Consensi raccolti nell'ambito del TCF e memorizzati nel formato TC String, compresi i fornitori del TCF, gli scopi, gli scopi speciali, le funzioni e le funzioni speciali.<\/td><\/tr><tr><td>Elementi essenziali<\/td><td>banner_cookie_reale*-gcm<\/td><td>.valencia-turist-card.com<\/td><td>Banner di biscotti reali<\/td><td>365 giorni<\/td><td>Cookie HTTP<\/td><td>I consensi raccolti nella Modalit\u00e0 consenso di Google per i vari tipi di consenso (finalit\u00e0) vengono memorizzati per tutti i servizi compatibili con la Modalit\u00e0 consenso di Google.<\/td><\/tr><tr><td>Elementi essenziali<\/td><td>test del cookie reale<\/td><td>.valencia-turist-card.com<\/td><td>Banner di biscotti reali<\/td><td>365 giorni<\/td><td>Cookie HTTP<\/td><td>Cookie impostato per testare la funzionalit\u00e0 dei cookie HTTP. Viene eliminato subito dopo il test.<\/td><\/tr><tr><td>Elementi essenziali<\/td><td>banner_cookie_reale*<\/td><td>https:\/\/www.valencia-tourist-card.com<\/td><td>Banner di biscotti reali<\/td><td>-<\/td><td>Stoccaggio locale<\/td><td>Identificatore unico per il consenso, ma non per il visitatore del sito web. Hash di revisione per le impostazioni del cookie banner (testi, colori, funzioni, gruppi di servizi, servizi, blocco dei contenuti, ecc.) ID per i servizi e i gruppi di servizi acconsentiti. Memorizzati solo finch\u00e9 il consenso non viene documentato sul server del sito web.<\/td><\/tr><tr><td>Elementi essenziali<\/td><td>banner_cookie_reale*-tcf<\/td><td>https:\/\/www.valencia-tourist-card.com<\/td><td>Banner di biscotti reali<\/td><td>-<\/td><td>Stoccaggio locale<\/td><td>I consensi raccolti nell'ambito del TCF vengono memorizzati in formato stringa TCF, compresi i fornitori del TCF, gli scopi, gli scopi speciali, le funzioni e le funzioni speciali. Memorizzati solo finch\u00e9 il consenso non viene documentato sul server del sito web.<\/td><\/tr><tr><td>Elementi essenziali<\/td><td>banner_cookie_reale*-gcm<\/td><td>https:\/\/www.valencia-tourist-card.com<\/td><td>Banner di biscotti reali<\/td><td>-<\/td><td>Stoccaggio locale<\/td><td>I consensi registrati nell'ambito della Modalit\u00e0 consenso di Google vengono memorizzati nei tipi di consenso (finalit\u00e0) per tutti i servizi compatibili con la Modalit\u00e0 consenso di Google. Viene memorizzato solo finch\u00e9 il consenso non viene documentato sul server del sito web.<\/td><\/tr><tr><td>Elementi essenziali<\/td><td>real_cookie_banner-consent-queue*<\/td><td>https:\/\/www.valencia-tourist-card.com<\/td><td>Banner di biscotti reali<\/td><td>-<\/td><td>Stoccaggio locale<\/td><td>La cache locale della selezione nel banner cookie fino a quando il server documenta il consenso; la documentazione viene tentata periodicamente o quando si cambia pagina se il server non \u00e8 disponibile o \u00e8 sovraccarico.<\/td><\/tr><tr><td>Funzionale<\/td><td>wpEmojiSettingsSupports<\/td><td>https:\/\/www.valencia-tourist-card.com<\/td><td>Emoji di WordPress<\/td><td>SESSIONE<\/td><td>Memorizzazione della sessione<\/td><td>Timestamp e possibilit\u00e0 di impostare gli emoji<\/td><\/tr><\/tbody><\/table><p>La politica sui cookie \u00e8 stata aggiornata per l'ultima volta il 9 maggio 2025.<\/p>","protected":false},"excerpt":{"rendered":"","protected":false},"author":1,"featured_media":0,"parent":0,"menu_order":0,"comment_status":"closed","ping_status":"closed","template":"","meta":{"footnotes":""},"class_list":["post-42","page","type-page","status-publish"],"aioseo_notices":[],"_links":{"self":[{"href":"https:\/\/www.valencia-tourist-card.com\/it\/wp-json\/wp\/v2\/pages\/42","targetHints":{"allow":["GET"]}}],"collection":[{"href":"https:\/\/www.valencia-tourist-card.com\/it\/wp-json\/wp\/v2\/pages"}],"about":[{"href":"https:\/\/www.valencia-tourist-card.com\/it\/wp-json\/wp\/v2\/types\/page"}],"author":[{"embeddable":true,"href":"https:\/\/www.valencia-tourist-card.com\/it\/wp-json\/wp\/v2\/users\/1"}],"replies":[{"embeddable":true,"href":"https:\/\/www.valencia-tourist-card.com\/it\/wp-json\/wp\/v2\/comments?post=42"}],"version-history":[{"count":0,"href":"https:\/\/www.valencia-tourist-card.com\/it\/wp-json\/wp\/v2\/pages\/42\/revisions"}],"wp:attachment":[{"href":"https:\/\/www.valencia-tourist-card.com\/it\/wp-json\/wp\/v2\/media?parent=42"}],"curies":[{"name":"wp","href":"https:\/\/api.w.org\/{rel}","templated":true}]}}