{"id":42,"date":"2025-05-09T14:08:11","date_gmt":"2025-05-09T12:08:11","guid":{"rendered":"https:\/\/www.valencia-tourist-card.com\/cookie-richtlinie\/"},"modified":"2025-05-09T14:08:11","modified_gmt":"2025-05-09T12:08:11","slug":"politica-de-cookies","status":"publish","type":"page","link":"https:\/\/www.valencia-tourist-card.com\/pt\/cookie-richtlinie\/","title":{"rendered":"Pol\u00edtica de cookies"},"content":{"rendered":"<p>A presente pol\u00edtica de cookies tem por objetivo informar o visitante sobre o que s\u00e3o cookies e tecnologias similares, a forma como s\u00e3o utilizados neste site, tanto por n\u00f3s como por outros prestadores de servi\u00e7os, e quais as informa\u00e7\u00f5es recolhidas, por quanto tempo e para que fins.<\/p><h2>\u00cdndice<\/h2><ul><li><a href=\"#controller-of-the-website\">Respons\u00e1vel pelo site<\/a><\/li><li><a href=\"#diff-to-privacy-policy\">Adenda \u00e0 pol\u00edtica de privacidade<\/a><\/li><li><a href=\"#cookie-technology\">O que s\u00e3o cookies e tecnologias semelhantes?<\/a><\/li><li><a href=\"#legal-basis\">Qual \u00e9 o fundamento jur\u00eddico para a instala\u00e7\u00e3o\/utiliza\u00e7\u00e3o de cookies?<\/a><\/li><li><a href=\"#rights-of-visitor\">Quais s\u00e3o os direitos do visitante do site?<\/a><\/li><li><a href=\"#manage-cookies\">Como gerir cookies atrav\u00e9s de um navegador da Internet?<\/a><\/li><li><a href=\"#types-of-cookies\">Que tipos de cookies existem?<\/a><\/li><li><a href=\"#cookies-origin\">Quem pode definir cookies para este site?<\/a><\/li><li><a href=\"#list-of-services\">Que cookies s\u00e3o utilizados neste site?<\/a><\/li><\/ul><h2 id=\"controller-of-the-website\">Respons\u00e1vel pelo site<\/h2><ul><li><strong>Prestador: <\/strong>Valencia Tourist Card, Alemanha<\/li><li><strong>Email: <\/strong><a target=\"_blank\" href=\"mailto:patrick@101places.de\">patrick@101places.de<\/a><\/li><\/ul><h2 id=\"diff-to-privacy-policy\">Adenda \u00e0 pol\u00edtica de privacidade<\/h2><p>A presente pol\u00edtica de cookies \u00e9 um complemento \u00e0 pol\u00edtica de privacidade deste site e informa de que forma utilizamos cookies e que dados recolhemos atrav\u00e9s deles. Por outro lado, a pol\u00edtica de privacidade apresenta uma vis\u00e3o global do tratamento de dados pessoais efectuado neste site e por outros servi\u00e7os associados.<\/p><h2 id=\"cookie-technology\">O que s\u00e3o cookies e tecnologias semelhantes?<\/h2><p>Os cookies s\u00e3o pequenos ficheiros de texto que podem ser armazenados e colocados no computador ou dispositivo m\u00f3vel que utiliza para aceder a um site. Os cookies s\u00e3o utilizados para v\u00e1rias finalidades, como garantir o funcionamento b\u00e1sico de um site, promover a seguran\u00e7a e privacidade, disponibilizar funcionalidades opcionais, recolher dados estat\u00edsticos sobre os visitantes e suportar sistemas de marketing. Alguns exemplos de dados que podem ser armazenados atrav\u00e9s de cookies s\u00e3o o estado de in\u00edcio de sess\u00e3o de contas de utilizador, o conte\u00fado dos carrinhos de compras em plataformas de com\u00e9rcio eletr\u00f3nico e os identificadores atribu\u00eddos aos diferentes visitantes para analisar a forma como utilizam o site.<br \/><br \/>Do um ponto de vista t\u00e9cnico, estes dados podem ser armazenados de v\u00e1rias formas. Entre as mais comuns, encontram-se os cookies HTTP e tecnologias semelhantes aos cookies, como o armazenamento local, o armazenamento de sess\u00f5es e o IndexedDB. Cada forma de armazenamento apresenta as suas pr\u00f3prias carater\u00edsticas, que v\u00e3o determinar as t\u00e9cnicas de tratamento, acessibilidade e os respons\u00e1veis pelo tratamento autorizados a aceder \u00e0s informa\u00e7\u00f5es guardadas. Todos estes tipos de armazenamento s\u00e3o normalmente resumidos sob o termo \"cookies\" e, por conseguinte, denominados como tal na presente pol\u00edtica de cookies.<\/p><h2 id=\"legal-basis\">Qual \u00e9 o fundamento jur\u00eddico para a instala\u00e7\u00e3o\/utiliza\u00e7\u00e3o de cookies?<\/h2><p>A instala\u00e7\u00e3o e utiliza\u00e7\u00e3o de cookies na Uni\u00e3o Europeia (UE) e no Espa\u00e7o Econ\u00f3mico Europeu (EEE) s\u00f3 \u00e9 permitida, nos termos da Artigo 5 da Lei portuguesa da Privacidade nas Comunica\u00e7\u00f5es Eletr\u00f3nicas, caso o utilizador tenha dado o seu consentimento com base em informa\u00e7\u00f5es completas sobre os fins a que o tratamento se destina. O operador do site pode ainda instalar cookies no equipamento terminal do visitante, sem o seu consentimento, quando estes s\u00e3o estritamente necess\u00e1rios para lhe prestar, enquanto utilizador, os servi\u00e7os que tenha solicitado expressamente, p. ex. o conte\u00fado b\u00e1sico do site ou os recursos estritamente necess\u00e1rios para o seu funcionamento.<\/p><h2 id=\"rights-of-visitor\">Quais s\u00e3o os direitos do visitante do site?<\/h2><p>Os servi\u00e7os e os respectivos cookies podem ser definidos e lidos com base no seu consentimento ou num interesse leg\u00edtimo. Quando visitou este s\u00edtio Web pela primeira vez, foi-lhe pedido o seu consentimento e teve a oportunidade de se opor \u00e0 utiliza\u00e7\u00e3o de determinados servi\u00e7os. Explic\u00e1mos qual a base legal utilizada para cada servi\u00e7o no nosso di\u00e1logo de consentimento.<br \/><br \/>Tem o direito de ver o hist\u00f3rico das suas decis\u00f5es, alterar as suas defini\u00e7\u00f5es de privacidade, opor-se \u00e0 utiliza\u00e7\u00e3o dos servi\u00e7os e revogar o seu consentimento em qualquer altura. Abaixo encontra as possibilidades de exercer os seus direitos:<br \/><ul><li><a  href=\"#consent-change\" role=\"button\" id=\"rcb-sc-link-change\" data-success-message=\"\" class=\"rcb-sc-link rcb-sc-link-change\">Alterar op\u00e7\u00f5es de privacidade<\/a><\/li><li><a  href=\"#consent-history\" role=\"button\" id=\"rcb-sc-link-history\" data-success-message=\"\" class=\"rcb-sc-link rcb-sc-link-history\">Hist\u00f3rico de op\u00e7\u00f5es de privacidade<\/a><\/li><li><a  href=\"#consent-revoke\" role=\"button\" id=\"rcb-sc-link-revoke\" data-success-message=\"Revogou com \u00eaxito o seu consentimento para os servi\u00e7os com os respectivos cookies e o processamento de dados pessoais. A p\u00e1gina ser\u00e1 agora recarregada!\" class=\"rcb-sc-link rcb-sc-link-revoke\">Revogar consentimentos<\/a><\/li><\/ul><\/p><h2 id=\"manage-cookies\">Como gerir cookies atrav\u00e9s de um navegador da Internet?<\/h2><p><ul><li><strong>Como remover cookies num browser:<\/strong> Para remover os cookies do seu dispositivo, pode limpar os dados de navega\u00e7\u00e3o nas defini\u00e7\u00f5es do seu browser. Esta a\u00e7\u00e3o ir\u00e1 remover todos os cookies de todos os s\u00edtios Web que visitou, incluindo potencialmente os detalhes de in\u00edcio de sess\u00e3o guardados e as prefer\u00eancias do s\u00edtio. Em alguns navegadores, pode apenas apagar os cookies e dados semelhantes sem apagar todo o hist\u00f3rico de navega\u00e7\u00e3o.<\/li><li><strong>Como controlar os cookies num browser:<\/strong> Para um controlo mais pormenorizado dos cookies espec\u00edficos de determinados s\u00edtios Web, navegue at\u00e9 \u00e0s defini\u00e7\u00f5es de privacidade e de cookies no seu browser utilizado. Aqui, pode ajustar as prefer\u00eancias relacionadas com a utiliza\u00e7\u00e3o de cookies de s\u00edtios individuais.<\/li><li><strong>Como bloquear cookies num browser:<\/strong> \u00c9 poss\u00edvel configurar a maior parte dos browsers modernos nas suas defini\u00e7\u00f5es para bloquear a coloca\u00e7\u00e3o de todos os cookies no seu dispositivo. No entanto, o bloqueio de cookies pode fazer com que determinados servi\u00e7os e funcionalidades n\u00e3o funcionem corretamente, por exemplo, o in\u00edcio de sess\u00e3o como utilizador. Tamb\u00e9m pode utilizar extens\u00f5es para muitos navegadores que podem bloquear a defini\u00e7\u00e3o de cookies nos s\u00edtios Web.<\/li><li><strong>Como gerir os cookies neste s\u00edtio Web:<\/strong> Para adaptar as suas prefer\u00eancias em rela\u00e7\u00e3o aos cookies neste s\u00edtio Web, pode alterar as suas prefer\u00eancias em qualquer altura, clicando na liga\u00e7\u00e3o na sec\u00e7\u00e3o \"Direitos do visitante do s\u00edtio Web\".<\/li><\/li><\/ul><p>Pode encontrar mais informa\u00e7\u00f5es sobre o tratamento de cookies <a href=\"https:\/\/devowl.io\/de\/rcb\/cookie-handhabung\/\" target=\"_blank\">devowl.io\/rcb\/cookie-handling\/<\/a>.<\/p><\/p><h2 id=\"types-of-cookies\">Que tipos de cookies existem?<\/h2><p><ul><li><strong>Biscoitos essenciais<\/strong> s\u00e3o indispens\u00e1veis para a funcionalidade b\u00e1sica de um s\u00edtio Web e permitem fun\u00e7\u00f5es como guardar informa\u00e7\u00f5es de in\u00edcio de sess\u00e3o ou aceder a \u00e1reas seguras do s\u00edtio. Estes incluem, por exemplo, cookies de seguran\u00e7a, que podem identificar um bot que n\u00e3o \u00e9 desejado no s\u00edtio Web, armazenando uma chave de autentica\u00e7\u00e3o num cookie.<\/li><li><strong>Cookies funcionais<\/strong> melhorar a experi\u00eancia do utilizador, armazenando informa\u00e7\u00f5es e prefer\u00eancias, tais como defini\u00e7\u00f5es de idioma ou defini\u00e7\u00f5es de aspeto do s\u00edtio Web, para proporcionar uma experi\u00eancia personalizada. Isto inclui, por exemplo, cookies de prefer\u00eancia que armazenam a qualidade de v\u00eddeo preferida do utilizador num s\u00edtio Web.<\/li><li><strong>Cookies de estat\u00edsticas<\/strong> recolher dados sobre a utiliza\u00e7\u00e3o de um s\u00edtio Web para obter informa\u00e7\u00f5es sobre o comportamento dos utilizadores e otimizar o desempenho do s\u00edtio. Isto inclui, por exemplo, um ID de utilizador atribu\u00eddo aleatoriamente que permite atribuir se o utilizador visitou uma subp\u00e1gina do s\u00edtio Web.<\/li><li><strong>Cookies de marketing<\/strong> s\u00e3o utilizados para seguir o comportamento dos utilizadores em diferentes s\u00edtios Web e para apresentar publicidade personalizada com base nos interesses e no comportamento de navega\u00e7\u00e3o dos utilizadores. Isto inclui, por exemplo, cookies de publicidade que armazenam uma intera\u00e7\u00e3o com um an\u00fancio no s\u00edtio Web e a transmitem aos anunciantes ou um sistema de chat para perguntas pr\u00e9-venda e apoio ao cliente.<\/li><\/li><\/ul><\/p><h2 id=\"cookies-origin\">Quem pode definir cookies para este site?<\/h2><p>Tanto o operador deste site como os servi\u00e7os de terceiros nele utilizados podem instalar cookies e aceder ao seu conte\u00fado. Quem pode aceder a que cookies e respetivo conte\u00fado \u00e9 determinado em fun\u00e7\u00e3o de se tratarem de cookies do pr\u00f3prio site ou de terceiros. Os cookies do operador do site s\u00e3o criados pelo pr\u00f3prio site e s\u00f3 podem ser acedidos por ele e pelos servi\u00e7os de terceiros integrados neste site. Os cookies de terceiros, por sua vez, s\u00e3o habitualmente instalados por servi\u00e7os de terceiros, hospedados noutros dom\u00ednios, e podem ser acedidos em todos os sites onde o servi\u00e7o respons\u00e1vel se encontra integrado. Entre estes cookies, inclu\u00edmos, por exemplo, os utilizados por sites de publicidade para monitorizar o comportamento do utilizador de forma a fornecer informa\u00e7\u00e3o personalizada em diferentes sites.<\/p><h2 id=\"list-of-services\">Que cookies s\u00e3o utilizados neste site?<\/h2><script type=\"application\/json\">{\"search\":{\"placeholder\":\"Pesquisar...\"},\"sort\":{\"sortAsc\":\"Ordenar coluna por ordem crescente\",\"sortDesc\":\"Ordenar coluna por ordem decrescente\"},\"pagination\":{\"previous\":\"Anterior\",\"next\":\"Seguinte\",\"navigate\":\"P\\u00e1gina %1$d de %2$d\",\"page\":\"P\\u00e1gina %d\",\"showing\":\"A mostrar\",\"of\":\"de\",\"to\":\"a\",\"results\":\"resultados\"},\"noRecordsFound\":\"N\\u00e3o foram encontrados resultados correspondentes \\u00e0 sua pesquisa\"}<\/script><table  class=\"devowl-wp-react-cookie-banner-cookie-policy\"><thead><tr><th width=\"200px\" scope=\"col\">Classe<\/th><th width=\"400px\" scope=\"col\">Cookies t\u00e9cnicos<\/th><th width=\"400px\" scope=\"col\">Host de cookies t\u00e9cnicos<\/th><th width=\"400px\" scope=\"col\">Servi\u00e7o<\/th><th width=\"250px\" scope=\"col\">Dura\u00e7\u00e3o<\/th><th width=\"200px\" scope=\"col\">Tipo<\/th><th width=\"550px\" scope=\"col\">Finalidade<\/th><\/tr><\/thead><tbody><tr><td>Essenciais<\/td><td>trp_language<\/td><td>www.valencia-tourist-card.com<\/td><td>TranslatePress<\/td><td>30 dias<\/td><td>Cookie HTTP<\/td><td>-<\/td><\/tr><tr><td>Essenciais<\/td><td>banner_de_cookie_real*<\/td><td>.valencia-tourist-card.com<\/td><td>Faixa de bolacha real<\/td><td>365 dias<\/td><td>Cookie HTTP<\/td><td>Identificador \u00fanico para o consentimento, mas n\u00e3o para o visitante do s\u00edtio Web. Hash de revis\u00e3o para as defini\u00e7\u00f5es da faixa de cookies (textos, cores, fun\u00e7\u00f5es, grupos de servi\u00e7os, servi\u00e7os, bloqueadores de conte\u00fados, etc.). IDs para servi\u00e7os e grupos de servi\u00e7os consentidos.<\/td><\/tr><tr><td>Essenciais<\/td><td>real_cookie_banner*-tcf<\/td><td>.valencia-tourist-card.com<\/td><td>Faixa de bolacha real<\/td><td>365 dias<\/td><td>Cookie HTTP<\/td><td>Consentimentos recolhidos no \u00e2mbito do TCF e armazenados no formato TC String, incluindo fornecedores, finalidades, finalidades especiais, fun\u00e7\u00f5es e fun\u00e7\u00f5es especiais do TCF.<\/td><\/tr><tr><td>Essenciais<\/td><td>real_cookie_banner*-gcm<\/td><td>.valencia-tourist-card.com<\/td><td>Faixa de bolacha real<\/td><td>365 dias<\/td><td>Cookie HTTP<\/td><td>Os consentimentos recolhidos no Modo de Consentimento do Google para os v\u00e1rios tipos de consentimento (finalidades) s\u00e3o armazenados para todos os servi\u00e7os compat\u00edveis com o Modo de Consentimento do Google.<\/td><\/tr><tr><td>Essenciais<\/td><td>real_cookie_banner-test<\/td><td>.valencia-tourist-card.com<\/td><td>Faixa de bolacha real<\/td><td>365 dias<\/td><td>Cookie HTTP<\/td><td>Cookie que foi definido para testar a funcionalidade dos cookies HTTP. \u00c9 eliminado imediatamente ap\u00f3s o teste.<\/td><\/tr><tr><td>Essenciais<\/td><td>banner_de_cookie_real*<\/td><td>https:\/\/www.valencia-tourist-card.com<\/td><td>Faixa de bolacha real<\/td><td>-<\/td><td>Armazenamento local<\/td><td>Identificador \u00fanico para o consentimento, mas n\u00e3o para o visitante do s\u00edtio Web. Hash de revis\u00e3o para as defini\u00e7\u00f5es da faixa de cookies (textos, cores, fun\u00e7\u00f5es, grupos de servi\u00e7os, servi\u00e7os, bloqueadores de conte\u00fados, etc.). IDs para servi\u00e7os e grupos de servi\u00e7os consentidos. Apenas armazenados at\u00e9 que o consentimento seja documentado no servidor do s\u00edtio Web.<\/td><\/tr><tr><td>Essenciais<\/td><td>real_cookie_banner*-tcf<\/td><td>https:\/\/www.valencia-tourist-card.com<\/td><td>Faixa de bolacha real<\/td><td>-<\/td><td>Armazenamento local<\/td><td>Os consentimentos recolhidos no \u00e2mbito do TCF s\u00e3o armazenados no formato de cadeia TC, incluindo fornecedores do TCF, objectivos, objectivos especiais, fun\u00e7\u00f5es e fun\u00e7\u00f5es especiais. Armazenados apenas at\u00e9 que o consentimento seja documentado no servidor do s\u00edtio Web.<\/td><\/tr><tr><td>Essenciais<\/td><td>real_cookie_banner*-gcm<\/td><td>https:\/\/www.valencia-tourist-card.com<\/td><td>Faixa de bolacha real<\/td><td>-<\/td><td>Armazenamento local<\/td><td>Os consentimentos registados como parte do Modo de consentimento do Google s\u00e3o armazenados em tipos de consentimento (finalidades) para todos os servi\u00e7os compat\u00edveis com o Modo de consentimento do Google. S\u00f3 \u00e9 armazenado at\u00e9 que o consentimento seja documentado no servidor do s\u00edtio Web.<\/td><\/tr><tr><td>Essenciais<\/td><td>real_cookie_banner-consent-queue*<\/td><td>https:\/\/www.valencia-tourist-card.com<\/td><td>Faixa de bolacha real<\/td><td>-<\/td><td>Armazenamento local<\/td><td>Armazenamento em cache local da sele\u00e7\u00e3o no banner do cookie at\u00e9 que o servidor documente o consentimento; a documenta\u00e7\u00e3o \u00e9 tentada periodicamente ou ao mudar de p\u00e1gina se o servidor n\u00e3o estiver dispon\u00edvel ou estiver sobrecarregado.<\/td><\/tr><tr><td>Funcionais<\/td><td>wpEmojiSettingsSupports<\/td><td>https:\/\/www.valencia-tourist-card.com<\/td><td>Emojis do WordPress<\/td><td>SESS\u00c3O<\/td><td>Armazenamento de sess\u00f5es<\/td><td>Carimbos de data e hora e se \u00e9 poss\u00edvel definir emojis<\/td><\/tr><\/tbody><\/table><p>A pol\u00edtica de cookies foi actualizada pela \u00faltima vez em 9. maio 2025.<\/p>","protected":false},"excerpt":{"rendered":"","protected":false},"author":1,"featured_media":0,"parent":0,"menu_order":0,"comment_status":"closed","ping_status":"closed","template":"","meta":{"footnotes":""},"class_list":["post-42","page","type-page","status-publish"],"aioseo_notices":[],"_links":{"self":[{"href":"https:\/\/www.valencia-tourist-card.com\/pt\/wp-json\/wp\/v2\/pages\/42","targetHints":{"allow":["GET"]}}],"collection":[{"href":"https:\/\/www.valencia-tourist-card.com\/pt\/wp-json\/wp\/v2\/pages"}],"about":[{"href":"https:\/\/www.valencia-tourist-card.com\/pt\/wp-json\/wp\/v2\/types\/page"}],"author":[{"embeddable":true,"href":"https:\/\/www.valencia-tourist-card.com\/pt\/wp-json\/wp\/v2\/users\/1"}],"replies":[{"embeddable":true,"href":"https:\/\/www.valencia-tourist-card.com\/pt\/wp-json\/wp\/v2\/comments?post=42"}],"version-history":[{"count":0,"href":"https:\/\/www.valencia-tourist-card.com\/pt\/wp-json\/wp\/v2\/pages\/42\/revisions"}],"wp:attachment":[{"href":"https:\/\/www.valencia-tourist-card.com\/pt\/wp-json\/wp\/v2\/media?parent=42"}],"curies":[{"name":"wp","href":"https:\/\/api.w.org\/{rel}","templated":true}]}}