{"id":42,"date":"2025-05-09T14:08:11","date_gmt":"2025-05-09T12:08:11","guid":{"rendered":"https:\/\/www.valencia-tourist-card.com\/cookie-richtlinie\/"},"modified":"2025-05-09T14:08:11","modified_gmt":"2025-05-09T12:08:11","slug":"cookiepolicy","status":"publish","type":"page","link":"https:\/\/www.valencia-tourist-card.com\/sv\/cookie-richtlinie\/","title":{"rendered":"Policy f\u00f6r cookies"},"content":{"rendered":"<p>Med denna cookiepolicy vill vi se till att cookies och cookie-l\u00e4nkade tekniker anv\u00e4nds, att vi och andra personuppgiftsansvariga \u00e4ndrar dem p\u00e5 denna webbplats, att information samlas in tillsammans med l\u00e4ngden och hur l\u00e4nge vi \u00e4ndrar dem.<\/p><h2>Inneh\u00e5llsf\u00f6rteckning<\/h2><ul><li><a href=\"#controller-of-the-website\">Personlig service f\u00f6r webbplattformar<\/a><\/li><li><a href=\"#diff-to-privacy-policy\">Till dag till personuppgiftspolicyn<\/a><\/li><li><a href=\"#cookie-technology\">Vad \u00e4r cookies och liknande teknik?<\/a><\/li><li><a href=\"#legal-basis\">Vad \u00e4r den r\u00e4tta anledningen till att placera ut eller l\u00e4mna kvar kakor?<\/a><\/li><li><a href=\"#rights-of-visitor\">Vilka r\u00e4ttigheter har webbplatsbes\u00f6karen?<\/a><\/li><li><a href=\"#manage-cookies\">Hur hanterar man cookies i en webbl\u00e4sare?<\/a><\/li><li><a href=\"#types-of-cookies\">Vilken typ av cookies hittar du?<\/a><\/li><li><a href=\"#cookies-origin\">Hur kan cookies placeras p\u00e5 den h\u00e4r webbplatsen?<\/a><\/li><li><a href=\"#list-of-services\">Anv\u00e4nder ni cookies p\u00e5 den h\u00e4r webbplatsen?<\/a><\/li><\/ul><h2 id=\"controller-of-the-website\">Personlig service f\u00f6r webbplattformar<\/h2><ul><li><strong>Leverant\u00f6r: <\/strong>Valencia Tourist Card, Tyskland<\/li><li><strong>E-post: <\/strong><a target=\"_blank\" href=\"mailto:patrick@101places.de\">patrick@101places.de<\/a><\/li><\/ul><h2 id=\"diff-to-privacy-policy\">Till dag till personuppgiftspolicyn<\/h2><p>Denna cookiepolicy \u00e4r ett komplement till webbplatsens personuppgiftspolicy. Cookiepolicyn anv\u00e4nds av en webbplats f\u00f6r att lagra cookies och kan \u00f6verf\u00f6ras till samma webbplats, medan personuppgiftspolicyn \u00e4r en mer omfattande \u00f6versikt \u00f6ver alla aktiviteter som r\u00f6r behandlingen av personuppgifter p\u00e5 webbplatsen och dess tj\u00e4nster.<\/p><h2 id=\"cookie-technology\">Vad \u00e4r cookies och liknande teknik?<\/h2><p>Cookies \u00e4r sm\u00e5 informationsbitar som l\u00e4ses som textfiler och som kan lagras och l\u00e4sas p\u00e5 din dator. De anv\u00e4nds f\u00f6r andra \u00e4ndam\u00e5l, t.ex. f\u00f6r att f\u00f6rb\u00e4ttra webbplatsens grundl\u00e4ggande funktionalitet, s\u00e4kerhet och integration, f\u00f6r att tillhandah\u00e5lla merv\u00e4rdesfunktioner p\u00e5 webbplatsen, f\u00f6r att samla in statistiska uppgifter om anv\u00e4ndarbeteende och f\u00f6r att tillhandah\u00e5lla ett marknadsf\u00f6ringssystem. Ett praktiskt exempel p\u00e5 vad som kan lagras i cookies \u00e4r lagring av inloggningsstatus f\u00f6r ett anv\u00e4ndarkonto som ing\u00e5r i e-handelsplattformens katalog eller ett anv\u00e4ndar-ID f\u00f6r lagring av data p\u00e5 webbplatsen.<br \/><br \/>Information kan lagras lokalt. De vanligaste exemplen p\u00e5 detta \u00e4r HTTP-cookies och cookie-l\u00e4nkade tekniker som anv\u00e4nder lokal lagring, sessionslagring eller IndexedDB. Varje typ av lagring har sina egna egenskaper, t.ex. teknisk hantering, tillg\u00e4nglighet och s\u00e4kerhet, som g\u00f6r det l\u00e4ttare att f\u00e5 fram information. Alla dessa typer av lagring samlas under begreppet \"cookies\" och \u00e5terfinns d\u00e4rf\u00f6r i denna cookiepolicy.<\/p><h2 id=\"legal-basis\">Vad \u00e4r den r\u00e4tta anledningen till att placera ut eller l\u00e4mna kvar kakor?<\/h2><p>Placeringen och l\u00e4sningen av cookies i Europeiska Unionen (EU) och Europeiska Ekonomiska Samarbetsomr\u00e5det (EES) \u00e4r i enlighet med 9 kap. 28 \u00a7 Lagen om elektronisk kommunikation (LEK) endast till\u00e5tet om en anv\u00e4ndare har gett sitt samtycke p\u00e5 grundval av omfattande information om \u00e4ndam\u00e5len med behandlingen. Webbplatsoperat\u00f6ren kan ocks\u00e5 placera cookies om de \u00e4r absolut n\u00f6dv\u00e4ndiga f\u00f6r att ge dig som anv\u00e4ndare den uttryckligen beg\u00e4rda tj\u00e4nsten, t.ex. det grundl\u00e4ggande inneh\u00e5llet p\u00e5 denna webbplats eller andra absolut n\u00f6dv\u00e4ndiga cookies f\u00f6r den grundl\u00e4ggande funktionaliteten f\u00f6r webbplatsen som ska kunna visas f\u00f6r dig utan ditt samtycke.<\/p><h2 id=\"rights-of-visitor\">Vilka r\u00e4ttigheter har webbplatsbes\u00f6karen?<\/h2><p>Tj\u00e4nster och deras cookies kan st\u00e4llas in och l\u00e4sas p\u00e5 r\u00e4ttslig grund av ditt samtycke eller ett ber\u00e4ttigat intresse. N\u00e4r du bes\u00f6kte denna webbplats f\u00f6rsta g\u00e5ngen tillfr\u00e5gades du om ditt samtycke och du hade m\u00f6jlighet att inv\u00e4nda mot anv\u00e4ndningen av vissa tj\u00e4nster. Vi f\u00f6rklarade vilken r\u00e4ttslig grund som anv\u00e4nds f\u00f6r vilken tj\u00e4nst i v\u00e5r samtyckesdialog.<br \/><br \/>Du har r\u00e4tt att se historiken \u00f6ver dina beslut, \u00e4ndra dina sekretessinst\u00e4llningar, inv\u00e4nda mot anv\u00e4ndningen av tj\u00e4nster och \u00e5terkalla ditt samtycke n\u00e4r som helst. Nedan hittar du m\u00f6jligheter att ut\u00f6va dina r\u00e4ttigheter:<br \/><ul><li><a  href=\"#consent-change\" role=\"button\" id=\"rcb-sc-link-change\" data-success-message=\"\" class=\"rcb-sc-link rcb-sc-link-change\">\u00c4ndra integritetsinst\u00e4llningar<\/a><\/li><li><a  href=\"#consent-history\" role=\"button\" id=\"rcb-sc-link-history\" data-success-message=\"\" class=\"rcb-sc-link rcb-sc-link-history\">Historik f\u00f6r integritetsinst\u00e4llningar<\/a><\/li><li><a  href=\"#consent-revoke\" role=\"button\" id=\"rcb-sc-link-revoke\" data-success-message=\"Du har framg\u00e5ngsrikt \u00e5terkallat ditt samtycke f\u00f6r tj\u00e4nster med deras cookies och behandling av personuppgifter. Sidan kommer nu att laddas om!\" class=\"rcb-sc-link rcb-sc-link-revoke\">\u00c5terkalla samtycken<\/a><\/li><\/ul><\/p><h2 id=\"manage-cookies\">Hur hanterar man cookies i en webbl\u00e4sare?<\/h2><p><ul><li><strong>S\u00e5 h\u00e4r tar du bort cookies i en webbl\u00e4sare:<\/strong> Om du vill ta bort cookies fr\u00e5n din enhet kan du rensa webbl\u00e4sardata i inst\u00e4llningarna f\u00f6r din webbl\u00e4sare. D\u00e5 raderas alla cookies fr\u00e5n alla webbplatser som du har bes\u00f6kt, vilket kan inneb\u00e4ra att du sparar inloggningsuppgifter och preferenser f\u00f6r webbplatsen. I vissa webbl\u00e4sare kan du bara radera cookies och liknande data utan att radera hela webbhistoriken.<\/li><li><strong>S\u00e5 h\u00e4r kontrollerar du cookies i en webbl\u00e4sare:<\/strong> F\u00f6r mer detaljerad kontroll \u00f6ver cookies som \u00e4r specifika f\u00f6r vissa webbplatser, navigera till sekretess- och cookie-inst\u00e4llningarna i din anv\u00e4nda webbl\u00e4sare. H\u00e4r kan du justera inst\u00e4llningarna f\u00f6r enskilda webbplatsers anv\u00e4ndning av cookies.<\/li><li><strong>S\u00e5 h\u00e4r blockerar du cookies i en webbl\u00e4sare:<\/strong> Det \u00e4r m\u00f6jligt att konfigurera de flesta moderna webbl\u00e4sare i deras inst\u00e4llningar f\u00f6r att blockera alla cookies fr\u00e5n att placeras p\u00e5 din enhet. Men att blockera cookies kan leda till att vissa tj\u00e4nster och funktioner inte fungerar korrekt, t.ex. inloggningar som anv\u00e4ndare. Du kan ocks\u00e5 anv\u00e4nda till\u00e4gg f\u00f6r m\u00e5nga webbl\u00e4sare som kan blockera inst\u00e4llningen av cookies p\u00e5 webbplatser.<\/li><li><strong>S\u00e5 h\u00e4r hanterar du cookies p\u00e5 den h\u00e4r webbplatsen:<\/strong> F\u00f6r att anpassa dina preferenser avseende cookies p\u00e5 denna webbplats kan du n\u00e4r som helst \u00e4ndra dina preferenser genom att klicka p\u00e5 l\u00e4nken i avsnittet \"Webbplatsbes\u00f6karens r\u00e4ttigheter\".<\/li><\/li> <\/li>. <\/li> <\/li>..<\/ul><p>Du kan hitta mer information om hanteringen av cookies <a href=\"https:\/\/devowl.io\/de\/rcb\/cookie-handhabung\/\" target=\"_blank\">devowl.io\/rcb\/cookie-handling\/<\/a>.<\/p><\/p><h2 id=\"types-of-cookies\">Vilken typ av cookies hittar du?<\/h2><p><ul><li><strong>Viktiga kakor<\/strong> \u00e4r oumb\u00e4rliga f\u00f6r en webbplats grundl\u00e4ggande funktioner och m\u00f6jligg\u00f6r funktioner som att spara inloggningsinformation eller tillg\u00e5ng till s\u00e4kra omr\u00e5den p\u00e5 webbplatsen. Hit h\u00f6r t.ex. s\u00e4kerhetscookies, som kan identifiera en bot som inte \u00e4r \u00f6nskv\u00e4rd p\u00e5 webbplatsen genom att lagra en autentiseringsnyckel i en cookie.<\/li><li><strong>Funktionella cookies<\/strong> f\u00f6rb\u00e4ttra anv\u00e4ndarupplevelsen genom att lagra information och preferenser, t.ex. spr\u00e5kinst\u00e4llningar eller inst\u00e4llningar f\u00f6r webbplatsens utseende, f\u00f6r att g\u00f6ra den mer personlig. Detta omfattar t.ex. preferenscookies som lagrar anv\u00e4ndarens f\u00f6redragna videokvalitet p\u00e5 en webbplats.<\/li><li><strong>Cookies f\u00f6r statistik<\/strong> samla in uppgifter om anv\u00e4ndningen av en webbplats f\u00f6r att f\u00e5 insikt i anv\u00e4ndarnas beteende och optimera webbplatsens prestanda. Detta omfattar t.ex. ett slumpm\u00e4ssigt tilldelat anv\u00e4ndar-ID som g\u00f6r det m\u00f6jligt att fastst\u00e4lla om du har bes\u00f6kt en undersida p\u00e5 webbplatsen.<\/li><li><strong>Cookies f\u00f6r marknadsf\u00f6ring<\/strong> anv\u00e4nds f\u00f6r att sp\u00e5ra anv\u00e4ndarnas beteende p\u00e5 olika webbplatser och f\u00f6r att visa personligt anpassad reklam baserad p\u00e5 anv\u00e4ndarnas intressen och surfbeteende. Detta inkluderar till exempel reklamcookies som lagrar en interaktion med en annons p\u00e5 webbplatsen och vidarebefordrar den till annons\u00f6rer eller ett chattsystem f\u00f6r fr\u00e5gor f\u00f6re f\u00f6rs\u00e4ljning och kundsupport.<\/li><\/li> <\/li>. <\/li> <\/li>..<\/ul><\/p><h2 id=\"cookies-origin\">Hur kan cookies placeras p\u00e5 den h\u00e4r webbplatsen?<\/h2><p>P\u00e5 denna webbplats kan webbplatsoperat\u00f6ren och tredje part placera cookies p\u00e5 webbplatsen och ge \u00e5tkomst till dem. De som har tillg\u00e5ng till dessa cookies och inneh\u00e5llet p\u00e5 denna webbplats \u00e4r ansvariga f\u00f6r alla delade cookies och tredjepartscookies. F\u00f6rstapartscookies lagras p\u00e5 den bes\u00f6kta webbplatsen och kan endast l\u00e4sas av webbplatsoperat\u00f6rer och integrerade tj\u00e4nster fr\u00e5n tredje part p\u00e5 denna webbplats. Tredjepartscookies placeras av tredje part p\u00e5 andra dom\u00e4ner, kan l\u00e4sas p\u00e5 alla webbplattformar d\u00e4r tredje parts dom\u00e4n ing\u00e5r och kan anv\u00e4ndas som ett exempel p\u00e5 reklam i syfte att placera reklam p\u00e5 andra webbplattformar och tillhandah\u00e5lla personlig reklam.<\/p><h2 id=\"list-of-services\">Anv\u00e4nder ni cookies p\u00e5 den h\u00e4r webbplatsen?<\/h2><script type=\"application\/json\">{\"search\":{\"placeholder\":\"S\\u00f6k...\"},\"sort\":{\"sortAsc\":\"Sortera kolumnen stigande\",\"sortDesc\":\"Sortera kolumnen fallande\"},\"pagination\":{\"previous\":\"F\\u00f6reg\\u00e5ende\",\"next\":\"N\\u00e4sta\",\"navigate\":\"Sida %1$d av %2$d\",\"page\":\"Sidan %d\",\"showing\":\"Visar\",\"of\":\"av\",\"to\":\"till\",\"results\":\"resultat\"},\"noRecordsFound\":\"Inga matchande poster hittades\"}<\/script><table  class=\"devowl-wp-react-cookie-banner-cookie-policy\"><thead><tr><th width=\"200px\" scope=\"col\">Kategori<\/th><th width=\"400px\" scope=\"col\">Namn p\u00e5 teknisk cookie<\/th><th width=\"400px\" scope=\"col\">V\u00e4rd f\u00f6r teknisk cookie<\/th><th width=\"400px\" scope=\"col\">Tj\u00e4nst<\/th><th width=\"250px\" scope=\"col\">Varaktighet<\/th><th width=\"200px\" scope=\"col\">Typ<\/th><th width=\"550px\" scope=\"col\">Syfte<\/th><\/tr><\/thead><tbody><tr><td>Grundl\u00e4ggande layouter<\/td><td>trp_language<\/td><td>www.valencia-tourist-card.com<\/td><td>\u00d6vers\u00e4ttPress<\/td><td>30 dagar<\/td><td>HTTP-cookie<\/td><td>-<\/td><\/tr><tr><td>Grundl\u00e4ggande layouter<\/td><td>real_cookie_banner*<\/td><td>.valencia-tourist-card.com<\/td><td>Banner f\u00f6r k\u00f6ket<\/td><td>365 dagar<\/td><td>HTTP-cookie<\/td><td>Unik identifierare f\u00f6r samtycke, men inte f\u00f6r webbplatsbes\u00f6karen. Revisionshash f\u00f6r inst\u00e4llningar av cookiebanner (texter, f\u00e4rger, funktioner, tj\u00e4nstegrupper, tj\u00e4nster, inneh\u00e5llsblockerare etc.) ID:n f\u00f6r samtyckta tj\u00e4nster och tj\u00e4nstegrupper.<\/td><\/tr><tr><td>Grundl\u00e4ggande layouter<\/td><td>real_cookie_banner*-tcf<\/td><td>.valencia-tourist-card.com<\/td><td>Banner f\u00f6r k\u00f6ket<\/td><td>365 dagar<\/td><td>HTTP-cookie<\/td><td>Samtycken som samlas in som en del av TCF och lagras i TC String-format, inklusive TCF-leverant\u00f6rer, syften, s\u00e4rskilda syften, funktioner och s\u00e4rskilda funktioner.<\/td><\/tr><tr><td>Grundl\u00e4ggande layouter<\/td><td>real_cookie_banner*-gcm<\/td><td>.valencia-tourist-card.com<\/td><td>Banner f\u00f6r k\u00f6ket<\/td><td>365 dagar<\/td><td>HTTP-cookie<\/td><td>De samtycken som samlas in i Google Consent Mode f\u00f6r de olika samtyckestyperna (\u00e4ndam\u00e5len) lagras f\u00f6r alla tj\u00e4nster som \u00e4r kompatibla med Google Consent Mode.<\/td><\/tr><tr><td>Grundl\u00e4ggande layouter<\/td><td>test av real_cookie_banner<\/td><td>.valencia-tourist-card.com<\/td><td>Banner f\u00f6r k\u00f6ket<\/td><td>365 dagar<\/td><td>HTTP-cookie<\/td><td>Cookie som st\u00e4lldes in f\u00f6r att testa funktionaliteten hos HTTP-cookies. Raderas omedelbart efter testet.<\/td><\/tr><tr><td>Grundl\u00e4ggande layouter<\/td><td>real_cookie_banner*<\/td><td>https:\/\/www.valencia-tourist-card.com<\/td><td>Banner f\u00f6r k\u00f6ket<\/td><td>-<\/td><td>Lokal f\u00f6rvaring<\/td><td>Unik identifierare f\u00f6r samtycke, men inte f\u00f6r webbplatsbes\u00f6karen. Revisionshash f\u00f6r inst\u00e4llningar av cookiebanner (texter, f\u00e4rger, funktioner, tj\u00e4nstegrupper, tj\u00e4nster, inneh\u00e5llsblockerare etc.) ID f\u00f6r samtyckta tj\u00e4nster och tj\u00e4nstegrupper. Lagras endast tills samtycket har dokumenterats p\u00e5 webbplatsens server.<\/td><\/tr><tr><td>Grundl\u00e4ggande layouter<\/td><td>real_cookie_banner*-tcf<\/td><td>https:\/\/www.valencia-tourist-card.com<\/td><td>Banner f\u00f6r k\u00f6ket<\/td><td>-<\/td><td>Lokal f\u00f6rvaring<\/td><td>Samtycken som samlas in som en del av TCF lagras i TC-str\u00e4ngformat, inklusive TCF-leverant\u00f6rer, \u00e4ndam\u00e5l, s\u00e4rskilda \u00e4ndam\u00e5l, funktioner och s\u00e4rskilda funktioner. Lagras endast tills samtycket har dokumenterats p\u00e5 webbplatsens server.<\/td><\/tr><tr><td>Grundl\u00e4ggande layouter<\/td><td>real_cookie_banner*-gcm<\/td><td>https:\/\/www.valencia-tourist-card.com<\/td><td>Banner f\u00f6r k\u00f6ket<\/td><td>-<\/td><td>Lokal f\u00f6rvaring<\/td><td>Samtycken som registreras som en del av Google Consent Mode lagras i samtyckestyper (\u00e4ndam\u00e5l) f\u00f6r alla tj\u00e4nster som \u00e4r kompatibla med Google Consent Mode. Det lagras endast tills samtycket har dokumenterats p\u00e5 webbplatsservern.<\/td><\/tr><tr><td>Grundl\u00e4ggande layouter<\/td><td>real_cookie_banner-consent-queue* (k\u00f6)<\/td><td>https:\/\/www.valencia-tourist-card.com<\/td><td>Banner f\u00f6r k\u00f6ket<\/td><td>-<\/td><td>Lokal f\u00f6rvaring<\/td><td>Lokal cachelagring av valet i cookie-bannern tills servern dokumenterar samtycke; dokumentation f\u00f6rs\u00f6ker g\u00f6ras regelbundet eller vid sidbyte om servern inte \u00e4r tillg\u00e4nglig eller \u00e4r \u00f6verbelastad.<\/td><\/tr><tr><td>Funktionell<\/td><td>wpEmojiInst\u00e4llningarSt\u00f6d<\/td><td>https:\/\/www.valencia-tourist-card.com<\/td><td>WordPress Emojis<\/td><td>SESSION<\/td><td>Session Lagring<\/td><td>Tidsst\u00e4mplar och om det \u00e4r m\u00f6jligt att st\u00e4lla in emojis<\/td><\/tr><\/tbody><\/table><p>Cookiepolicyn uppdaterades senast den 9 maj 2025.<\/p>","protected":false},"excerpt":{"rendered":"","protected":false},"author":1,"featured_media":0,"parent":0,"menu_order":0,"comment_status":"closed","ping_status":"closed","template":"","meta":{"footnotes":""},"class_list":["post-42","page","type-page","status-publish"],"aioseo_notices":[],"_links":{"self":[{"href":"https:\/\/www.valencia-tourist-card.com\/sv\/wp-json\/wp\/v2\/pages\/42","targetHints":{"allow":["GET"]}}],"collection":[{"href":"https:\/\/www.valencia-tourist-card.com\/sv\/wp-json\/wp\/v2\/pages"}],"about":[{"href":"https:\/\/www.valencia-tourist-card.com\/sv\/wp-json\/wp\/v2\/types\/page"}],"author":[{"embeddable":true,"href":"https:\/\/www.valencia-tourist-card.com\/sv\/wp-json\/wp\/v2\/users\/1"}],"replies":[{"embeddable":true,"href":"https:\/\/www.valencia-tourist-card.com\/sv\/wp-json\/wp\/v2\/comments?post=42"}],"version-history":[{"count":0,"href":"https:\/\/www.valencia-tourist-card.com\/sv\/wp-json\/wp\/v2\/pages\/42\/revisions"}],"wp:attachment":[{"href":"https:\/\/www.valencia-tourist-card.com\/sv\/wp-json\/wp\/v2\/media?parent=42"}],"curies":[{"name":"wp","href":"https:\/\/api.w.org\/{rel}","templated":true}]}}